{"id":800,"date":"2026-01-26T12:44:42","date_gmt":"2026-01-26T12:44:42","guid":{"rendered":"https:\/\/one.com.bo\/?page_id=800"},"modified":"2026-01-26T12:46:06","modified_gmt":"2026-01-26T12:46:06","slug":"politica-de-privacidad","status":"publish","type":"page","link":"https:\/\/one.com.bo\/?page_id=800","title":{"rendered":"Pol\u00edtica de Privacidad"},"content":{"rendered":"\t\t<div data-elementor-type=\"wp-page\" data-elementor-id=\"800\" class=\"elementor elementor-800\" data-elementor-settings=\"{&quot;ha_cmc_init_switcher&quot;:&quot;no&quot;}\" data-elementor-post-type=\"page\">\n\t\t\t\t<div class=\"elementor-element elementor-element-64e42b17 e-flex e-con-boxed e-con e-parent\" data-id=\"64e42b17\" data-element_type=\"container\" data-settings=\"{&quot;background_background&quot;:&quot;classic&quot;,&quot;_ha_eqh_enable&quot;:false}\">\n\t\t\t\t\t<div class=\"e-con-inner\">\n\t\t\t\t<div class=\"elementor-element elementor-element-f1144cb elementor-widget elementor-widget-heading\" data-id=\"f1144cb\" data-element_type=\"widget\" data-widget_type=\"heading.default\">\n\t\t\t\t\t<h2 class=\"elementor-heading-title elementor-size-default\">POL\u00cdTICA Y PRIVACIDAD<\/h2>\t\t\t\t<\/div>\n\t\t\t\t\t<\/div>\n\t\t\t\t<\/div>\n\t\t<div class=\"elementor-element elementor-element-5c428353 e-flex e-con-boxed e-con e-parent\" data-id=\"5c428353\" data-element_type=\"container\" data-settings=\"{&quot;_ha_eqh_enable&quot;:false}\">\n\t\t\t\t\t<div class=\"e-con-inner\">\n\t\t\t\t\t<\/div>\n\t\t\t\t<\/div>\n\t\t<div class=\"elementor-element elementor-element-3dbe5ba6 e-flex e-con-boxed e-con e-parent\" data-id=\"3dbe5ba6\" data-element_type=\"container\" data-settings=\"{&quot;_ha_eqh_enable&quot;:false}\">\n\t\t\t\t\t<div class=\"e-con-inner\">\n\t\t\t\t<div class=\"elementor-element elementor-element-387e9fd9 elementor-widget-divider--view-line elementor-widget elementor-widget-divider\" data-id=\"387e9fd9\" data-element_type=\"widget\" data-widget_type=\"divider.default\">\n\t\t\t\t\t\t\t<div class=\"elementor-divider\">\n\t\t\t<span class=\"elementor-divider-separator\">\n\t\t\t\t\t\t<\/span>\n\t\t<\/div>\n\t\t\t\t\t\t<\/div>\n\t\t<div class=\"elementor-element elementor-element-63072274 e-con-full e-flex e-con e-child\" data-id=\"63072274\" data-element_type=\"container\" data-settings=\"{&quot;_ha_eqh_enable&quot;:false}\">\n\t\t<div class=\"elementor-element elementor-element-72ce379e e-con-full e-flex e-con e-child\" data-id=\"72ce379e\" data-element_type=\"container\" data-settings=\"{&quot;_ha_eqh_enable&quot;:false}\">\n\t\t\t\t<div class=\"elementor-element elementor-element-41a302fb elementor-widget elementor-widget-text-editor\" data-id=\"41a302fb\" data-element_type=\"widget\" data-widget_type=\"text-editor.default\">\n\t\t\t\t\t\t\t\t\t<p style=\"font-weight: 400;\">En <strong>one.com.bo<\/strong> respetamos y protegemos la privacidad de nuestros usuarios. La presente Pol\u00edtica de Privacidad explica c\u00f3mo recopilamos, utilizamos y protegemos su informaci\u00f3n personal.<\/p><ol><li><strong>Recopilaci\u00f3n de informaci\u00f3n<\/strong><\/li><\/ol><p style=\"font-weight: 400;\">Podemos recopilar datos personales como nombre, correo electr\u00f3nico, n\u00famero de tel\u00e9fono u otra informaci\u00f3n cuando el usuario complete formularios de contacto, solicite informaci\u00f3n o utilice nuestros servicios.<\/p><ol start=\"2\"><li><strong>Uso de la informaci\u00f3n<\/strong><\/li><\/ol><p style=\"font-weight: 400;\">La informaci\u00f3n recopilada se utiliza \u00fanicamente para:<\/p><ul><li>Brindar informaci\u00f3n sobre nuestros productos y servicios.<\/li><li>Responder consultas o solicitudes.<\/li><li>Mejorar la experiencia del usuario en nuestro sitio web.<\/li><li>Fines administrativos y comerciales internos.<\/li><\/ul><ol start=\"3\"><li><strong>Confidencialidad de los datos<\/strong><\/li><\/ol><p style=\"font-weight: 400;\"><strong>one.com.bo<\/strong> se compromete a mantener la confidencialidad de los datos personales y a no vender, alquilar ni compartir esta informaci\u00f3n con terceros, salvo cuando sea requerido por ley o con autorizaci\u00f3n expresa del usuario.<\/p><ol start=\"4\"><li><strong>Seguridad de la informaci\u00f3n<\/strong><\/li><\/ol><p style=\"font-weight: 400;\">Implementamos medidas t\u00e9cnicas y organizativas razonables para proteger los datos personales contra p\u00e9rdida, uso indebido, acceso no autorizado o alteraci\u00f3n.<\/p><ol start=\"5\"><li><strong>Uso de cookies<\/strong><\/li><\/ol><p style=\"font-weight: 400;\">Nuestro sitio puede utilizar cookies para mejorar la navegaci\u00f3n y la experiencia del usuario. El usuario puede configurar su navegador para aceptar o rechazar cookies seg\u00fan su preferencia.<\/p><ol start=\"6\"><li><strong>Enlaces a sitios de terceros<\/strong><\/li><\/ol><p style=\"font-weight: 400;\"><strong>one.com.bo<\/strong> puede contener enlaces a p\u00e1ginas externas. No somos responsables de las pr\u00e1cticas de privacidad ni del contenido de dichos sitios.<\/p><ol start=\"7\"><li><strong>Derechos del usuario<\/strong><\/li><\/ol><p style=\"font-weight: 400;\">El usuario tiene derecho a:<\/p><ul><li>Acceder a sus datos personales.<\/li><li>Solicitar la actualizaci\u00f3n, correcci\u00f3n o eliminaci\u00f3n de su informaci\u00f3n.<\/li><li>Retirar su consentimiento para el uso de sus datos en cualquier momento.<\/li><\/ul><ol start=\"8\"><li><strong>Cambios en la Pol\u00edtica de Privacidad<\/strong><\/li><\/ol><p style=\"font-weight: 400;\"><strong>one.com.bo<\/strong> se reserva el derecho de modificar esta pol\u00edtica en cualquier momento. Las actualizaciones entrar\u00e1n en vigencia desde su publicaci\u00f3n en el sitio web.<\/p><ol start=\"9\"><li><strong>Aceptaci\u00f3n de la pol\u00edtica<\/strong><\/li><\/ol><p style=\"font-weight: 400;\">El uso de este sitio web implica la aceptaci\u00f3n de esta Pol\u00edtica de Privacidad.<\/p><ol start=\"10\"><li><strong>Legislaci\u00f3n aplicable<\/strong><\/li><\/ol><p style=\"font-weight: 400;\">Esta Pol\u00edtica de Privacidad se rige por las leyes del Estado Plurinacional de Bolivia.<\/p>\t\t\t\t\t\t\t\t<\/div>\n\t\t\t\t<div class=\"elementor-element elementor-element-11d7db1d elementor-widget-divider--view-line elementor-widget elementor-widget-divider\" data-id=\"11d7db1d\" data-element_type=\"widget\" data-widget_type=\"divider.default\">\n\t\t\t\t\t\t\t<div class=\"elementor-divider\">\n\t\t\t<span class=\"elementor-divider-separator\">\n\t\t\t\t\t\t<\/span>\n\t\t<\/div>\n\t\t\t\t\t\t<\/div>\n\t\t\t\t<div class=\"elementor-element elementor-element-c99c40c elementor-widget-divider--view-line elementor-widget elementor-widget-divider\" data-id=\"c99c40c\" data-element_type=\"widget\" data-widget_type=\"divider.default\">\n\t\t\t\t\t\t\t<div class=\"elementor-divider\">\n\t\t\t<span class=\"elementor-divider-separator\">\n\t\t\t\t\t\t<\/span>\n\t\t<\/div>\n\t\t\t\t\t\t<\/div>\n\t\t\t\t<div class=\"elementor-element elementor-element-307443c9 elementor-widget-divider--view-line elementor-widget elementor-widget-divider\" data-id=\"307443c9\" data-element_type=\"widget\" data-widget_type=\"divider.default\">\n\t\t\t\t\t\t\t<div class=\"elementor-divider\">\n\t\t\t<span class=\"elementor-divider-separator\">\n\t\t\t\t\t\t<\/span>\n\t\t<\/div>\n\t\t\t\t\t\t<\/div>\n\t\t\t\t<\/div>\n\t\t<div class=\"elementor-element elementor-element-4a67e18a e-con-full e-flex e-con e-child\" data-id=\"4a67e18a\" data-element_type=\"container\" data-settings=\"{&quot;_ha_eqh_enable&quot;:false}\">\n\t\t<div class=\"elementor-element elementor-element-ae26166 e-con-full e-flex e-con e-child\" data-id=\"ae26166\" data-element_type=\"container\" data-settings=\"{&quot;_ha_eqh_enable&quot;:false}\">\n\t\t\t\t<div class=\"elementor-element elementor-element-3148dda elementor-widget elementor-widget-heading\" data-id=\"3148dda\" data-element_type=\"widget\" data-widget_type=\"heading.default\">\n\t\t\t\t\t<h4 class=\"elementor-heading-title elementor-size-default\">nuestros Servicios<\/h4>\t\t\t\t<\/div>\n\t\t\t\t<div class=\"elementor-element elementor-element-294499f6 elementor-icon-list--layout-traditional elementor-list-item-link-full_width elementor-widget elementor-widget-icon-list\" data-id=\"294499f6\" data-element_type=\"widget\" data-widget_type=\"icon-list.default\">\n\t\t\t\t\t\t\t<ul class=\"elementor-icon-list-items\">\n\t\t\t\t\t\t\t<li class=\"elementor-icon-list-item\">\n\t\t\t\t\t\t\t\t\t\t\t<span class=\"elementor-icon-list-icon\">\n\t\t\t\t\t\t\t<i aria-hidden=\"true\" class=\"icon icon-right-arrow1\"><\/i>\t\t\t\t\t\t<\/span>\n\t\t\t\t\t\t\t\t\t\t<span class=\"elementor-icon-list-text\">Comercializaci\u00f3n de Minerales<\/span>\n\t\t\t\t\t\t\t\t\t<\/li>\n\t\t\t\t\t\t\t\t<li class=\"elementor-icon-list-item\">\n\t\t\t\t\t\t\t\t\t\t\t<a href=\"#\">\n\n\t\t\t\t\t\t\t\t\t\t\t\t<span class=\"elementor-icon-list-icon\">\n\t\t\t\t\t\t\t<i aria-hidden=\"true\" class=\"icon icon-right-arrow1\"><\/i>\t\t\t\t\t\t<\/span>\n\t\t\t\t\t\t\t\t\t\t<span class=\"elementor-icon-list-text\">Gesti\u00f3n de Abastecimiento y Contratos<\/span>\n\t\t\t\t\t\t\t\t\t\t\t<\/a>\n\t\t\t\t\t\t\t\t\t<\/li>\n\t\t\t\t\t\t\t\t<li class=\"elementor-icon-list-item\">\n\t\t\t\t\t\t\t\t\t\t\t<a href=\"#\">\n\n\t\t\t\t\t\t\t\t\t\t\t\t<span class=\"elementor-icon-list-icon\">\n\t\t\t\t\t\t\t<i aria-hidden=\"true\" class=\"icon icon-right-arrow1\"><\/i>\t\t\t\t\t\t<\/span>\n\t\t\t\t\t\t\t\t\t\t<span class=\"elementor-icon-list-text\">Log\u00edstica y Coordinaci\u00f3n Operativa<\/span>\n\t\t\t\t\t\t\t\t\t\t\t<\/a>\n\t\t\t\t\t\t\t\t\t<\/li>\n\t\t\t\t\t\t\t\t<li class=\"elementor-icon-list-item\">\n\t\t\t\t\t\t\t\t\t\t\t<a href=\"#\">\n\n\t\t\t\t\t\t\t\t\t\t\t\t<span class=\"elementor-icon-list-icon\">\n\t\t\t\t\t\t\t<i aria-hidden=\"true\" class=\"icon icon-right-arrow1\"><\/i>\t\t\t\t\t\t<\/span>\n\t\t\t\t\t\t\t\t\t\t<span class=\"elementor-icon-list-text\">Control de Calidad y Certificaci\u00f3n<\/span>\n\t\t\t\t\t\t\t\t\t\t\t<\/a>\n\t\t\t\t\t\t\t\t\t<\/li>\n\t\t\t\t\t\t\t\t<li class=\"elementor-icon-list-item\">\n\t\t\t\t\t\t\t\t\t\t\t<a href=\"#\">\n\n\t\t\t\t\t\t\t\t\t\t\t\t<span class=\"elementor-icon-list-icon\">\n\t\t\t\t\t\t\t<i aria-hidden=\"true\" class=\"icon icon-right-arrow1\"><\/i>\t\t\t\t\t\t<\/span>\n\t\t\t\t\t\t\t\t\t\t<span class=\"elementor-icon-list-text\">Asesoramiento Comercial y T\u00e9cnico<\/span>\n\t\t\t\t\t\t\t\t\t\t\t<\/a>\n\t\t\t\t\t\t\t\t\t<\/li>\n\t\t\t\t\t\t\t\t<li class=\"elementor-icon-list-item\">\n\t\t\t\t\t\t\t\t\t\t\t<a href=\"#\">\n\n\t\t\t\t\t\t\t\t\t\t\t\t<span class=\"elementor-icon-list-icon\">\n\t\t\t\t\t\t\t<i aria-hidden=\"true\" class=\"icon icon-right-arrow1\"><\/i>\t\t\t\t\t\t<\/span>\n\t\t\t\t\t\t\t\t\t\t<span class=\"elementor-icon-list-text\">Cumplimiento Normativo y Comercio Responsable<\/span>\n\t\t\t\t\t\t\t\t\t\t\t<\/a>\n\t\t\t\t\t\t\t\t\t<\/li>\n\t\t\t\t\t\t<\/ul>\n\t\t\t\t\t\t<\/div>\n\t\t\t\t<\/div>\n\t\t\t\t<\/div>\n\t\t\t\t<\/div>\n\t\t\t\t\t<\/div>\n\t\t\t\t<\/div>\n\t\t<div class=\"elementor-element elementor-element-3858032c e-flex e-con-boxed e-con e-parent\" data-id=\"3858032c\" data-element_type=\"container\" data-settings=\"{&quot;_ha_eqh_enable&quot;:false}\">\n\t\t\t\t\t<div class=\"e-con-inner\">\n\t\t\t\t<div class=\"elementor-element elementor-element-26631753 elementor-widget elementor-widget-spacer\" data-id=\"26631753\" data-element_type=\"widget\" data-widget_type=\"spacer.default\">\n\t\t\t\t\t\t\t<div class=\"elementor-spacer\">\n\t\t\t<div class=\"elementor-spacer-inner\"><\/div>\n\t\t<\/div>\n\t\t\t\t\t\t<\/div>\n\t\t\t\t\t<\/div>\n\t\t\t\t<\/div>\n\t\t\t\t<\/div>\n\t\t","protected":false},"excerpt":{"rendered":"<p>POL\u00cdTICA Y PRIVACIDAD En one.com.bo respetamos y protegemos la privacidad de nuestros usuarios. La presente Pol\u00edtica de Privacidad explica c\u00f3mo recopilamos, utilizamos y protegemos su informaci\u00f3n personal. Recopilaci\u00f3n de informaci\u00f3n Podemos recopilar datos personales como nombre, correo electr\u00f3nico, n\u00famero de tel\u00e9fono u otra informaci\u00f3n cuando el usuario complete formularios de contacto, solicite informaci\u00f3n o utilice [&hellip;]<\/p>\n","protected":false},"author":1,"featured_media":0,"parent":0,"menu_order":0,"comment_status":"closed","ping_status":"closed","template":"elementor_header_footer","meta":{"footnotes":""},"class_list":["post-800","page","type-page","status-publish","hentry"],"_links":{"self":[{"href":"https:\/\/one.com.bo\/index.php?rest_route=\/wp\/v2\/pages\/800","targetHints":{"allow":["GET"]}}],"collection":[{"href":"https:\/\/one.com.bo\/index.php?rest_route=\/wp\/v2\/pages"}],"about":[{"href":"https:\/\/one.com.bo\/index.php?rest_route=\/wp\/v2\/types\/page"}],"author":[{"embeddable":true,"href":"https:\/\/one.com.bo\/index.php?rest_route=\/wp\/v2\/users\/1"}],"replies":[{"embeddable":true,"href":"https:\/\/one.com.bo\/index.php?rest_route=%2Fwp%2Fv2%2Fcomments&post=800"}],"version-history":[{"count":4,"href":"https:\/\/one.com.bo\/index.php?rest_route=\/wp\/v2\/pages\/800\/revisions"}],"predecessor-version":[{"id":805,"href":"https:\/\/one.com.bo\/index.php?rest_route=\/wp\/v2\/pages\/800\/revisions\/805"}],"wp:attachment":[{"href":"https:\/\/one.com.bo\/index.php?rest_route=%2Fwp%2Fv2%2Fmedia&parent=800"}],"curies":[{"name":"wp","href":"https:\/\/api.w.org\/{rel}","templated":true}]}}