{"id":792,"date":"2026-01-26T01:08:01","date_gmt":"2026-01-26T01:08:01","guid":{"rendered":"https:\/\/one.com.bo\/?page_id=792"},"modified":"2026-01-26T01:45:36","modified_gmt":"2026-01-26T01:45:36","slug":"terminos-y-condiciones","status":"publish","type":"page","link":"https:\/\/one.com.bo\/?page_id=792","title":{"rendered":"T\u00e9rminos y Condiciones"},"content":{"rendered":"\t\t<div data-elementor-type=\"wp-page\" data-elementor-id=\"792\" class=\"elementor elementor-792\" data-elementor-settings=\"{&quot;ha_cmc_init_switcher&quot;:&quot;no&quot;}\" data-elementor-post-type=\"page\">\n\t\t\t\t<div class=\"elementor-element elementor-element-64e42b17 e-flex e-con-boxed e-con e-parent\" data-id=\"64e42b17\" data-element_type=\"container\" data-settings=\"{&quot;background_background&quot;:&quot;classic&quot;,&quot;_ha_eqh_enable&quot;:false}\">\n\t\t\t\t\t<div class=\"e-con-inner\">\n\t\t\t\t<div class=\"elementor-element elementor-element-f1144cb elementor-widget elementor-widget-heading\" data-id=\"f1144cb\" data-element_type=\"widget\" data-widget_type=\"heading.default\">\n\t\t\t\t\t<h2 class=\"elementor-heading-title elementor-size-default\">T\u00e9RMINOS Y CONDICIONES<\/h2>\t\t\t\t<\/div>\n\t\t\t\t\t<\/div>\n\t\t\t\t<\/div>\n\t\t<div class=\"elementor-element elementor-element-5c428353 e-flex e-con-boxed e-con e-parent\" data-id=\"5c428353\" data-element_type=\"container\" data-settings=\"{&quot;_ha_eqh_enable&quot;:false}\">\n\t\t\t\t\t<div class=\"e-con-inner\">\n\t\t\t\t\t<\/div>\n\t\t\t\t<\/div>\n\t\t<div class=\"elementor-element elementor-element-3dbe5ba6 e-flex e-con-boxed e-con e-parent\" data-id=\"3dbe5ba6\" data-element_type=\"container\" data-settings=\"{&quot;_ha_eqh_enable&quot;:false}\">\n\t\t\t\t\t<div class=\"e-con-inner\">\n\t\t\t\t<div class=\"elementor-element elementor-element-387e9fd9 elementor-widget-divider--view-line elementor-widget elementor-widget-divider\" data-id=\"387e9fd9\" data-element_type=\"widget\" data-widget_type=\"divider.default\">\n\t\t\t\t\t\t\t<div class=\"elementor-divider\">\n\t\t\t<span class=\"elementor-divider-separator\">\n\t\t\t\t\t\t<\/span>\n\t\t<\/div>\n\t\t\t\t\t\t<\/div>\n\t\t<div class=\"elementor-element elementor-element-63072274 e-con-full e-flex e-con e-child\" data-id=\"63072274\" data-element_type=\"container\" data-settings=\"{&quot;_ha_eqh_enable&quot;:false}\">\n\t\t<div class=\"elementor-element elementor-element-72ce379e e-con-full e-flex e-con e-child\" data-id=\"72ce379e\" data-element_type=\"container\" data-settings=\"{&quot;_ha_eqh_enable&quot;:false}\">\n\t\t\t\t<div class=\"elementor-element elementor-element-41a302fb elementor-widget elementor-widget-text-editor\" data-id=\"41a302fb\" data-element_type=\"widget\" data-widget_type=\"text-editor.default\">\n\t\t\t\t\t\t\t\t\t<p style=\"font-weight: 400;\">Al acceder y utilizar el sitio web <strong>one.com.bo<\/strong>, usted acepta cumplir con los presentes T\u00e9rminos y Condiciones. Si no est\u00e1 de acuerdo con ellos, por favor no utilice este sitio.<\/p><ol><li><strong>Uso del sitio web<\/strong><\/li><\/ol><p style=\"font-weight: 400;\">El contenido de one.com.bo es \u00fanicamente para fines informativos y comerciales relacionados con nuestros productos y servicios. El usuario se compromete a hacer un uso adecuado, l\u00edcito y respetuoso del sitio.<\/p><ol start=\"2\"><li><strong>Propiedad intelectual<\/strong><\/li><\/ol><p style=\"font-weight: 400;\">Todos los contenidos del sitio (textos, im\u00e1genes, logotipos, dise\u00f1os, gr\u00e1ficos y material multimedia) son propiedad de one.com.bo o de sus respectivos titulares y est\u00e1n protegidos por las leyes de propiedad intelectual. Est\u00e1 prohibida su reproducci\u00f3n total o parcial sin autorizaci\u00f3n previa.<\/p><ol start=\"3\"><li><strong>Exactitud de la informaci\u00f3n<\/strong><\/li><\/ol><p style=\"font-weight: 400;\">Nos esforzamos por mantener la informaci\u00f3n actualizada y correcta; sin embargo, one.com.bo no garantiza que el contenido est\u00e9 libre de errores o sea completamente exacto en todo momento.<\/p><ol start=\"4\"><li><strong>Responsabilidad<\/strong><\/li><\/ol><p style=\"font-weight: 400;\">one.com.bo no se hace responsable por da\u00f1os directos o indirectos derivados del uso o imposibilidad de uso del sitio web, ni por interrupciones, fallos t\u00e9cnicos o virus inform\u00e1ticos.<\/p><ol start=\"5\"><li><strong>Enlaces externos<\/strong><\/li><\/ol><p style=\"font-weight: 400;\">Este sitio puede contener enlaces a p\u00e1ginas de terceros. one.com.bo no tiene control sobre su contenido y no asume responsabilidad por sus pol\u00edticas, pr\u00e1cticas o informaci\u00f3n.<\/p><ol start=\"6\"><li><strong>Protecci\u00f3n de datos personales<\/strong><\/li><\/ol><p style=\"font-weight: 400;\">La informaci\u00f3n personal proporcionada por los usuarios ser\u00e1 tratada de forma confidencial y utilizada \u00fanicamente para los fines establecidos, de acuerdo con nuestra Pol\u00edtica de Privacidad.<\/p><ol start=\"7\"><li><strong>Modificaciones<\/strong><\/li><\/ol><p style=\"font-weight: 400;\">one.com.bo se reserva el derecho de modificar estos T\u00e9rminos y Condiciones en cualquier momento sin previo aviso. Las modificaciones entrar\u00e1n en vigencia desde su publicaci\u00f3n en el sitio web.<\/p><ol start=\"8\"><li><strong>Disponibilidad del servicio<\/strong><\/li><\/ol><p style=\"font-weight: 400;\">No garantizamos que el sitio web est\u00e9 disponible de forma continua o libre de interrupciones, aunque haremos lo posible por mantenerlo operativo.<\/p><ol start=\"9\"><li><strong>Legislaci\u00f3n aplicable<\/strong><\/li><\/ol><p style=\"font-weight: 400;\">Estos T\u00e9rminos y Condiciones se rigen por las leyes del Estado Plurinacional de Bolivia. Cualquier conflicto ser\u00e1 sometido a la jurisdicci\u00f3n de los tribunales competentes del pa\u00eds.<\/p>\t\t\t\t\t\t\t\t<\/div>\n\t\t\t\t<div class=\"elementor-element elementor-element-11d7db1d elementor-widget-divider--view-line elementor-widget elementor-widget-divider\" data-id=\"11d7db1d\" data-element_type=\"widget\" data-widget_type=\"divider.default\">\n\t\t\t\t\t\t\t<div class=\"elementor-divider\">\n\t\t\t<span class=\"elementor-divider-separator\">\n\t\t\t\t\t\t<\/span>\n\t\t<\/div>\n\t\t\t\t\t\t<\/div>\n\t\t\t\t<div class=\"elementor-element elementor-element-c99c40c elementor-widget-divider--view-line elementor-widget elementor-widget-divider\" data-id=\"c99c40c\" data-element_type=\"widget\" data-widget_type=\"divider.default\">\n\t\t\t\t\t\t\t<div class=\"elementor-divider\">\n\t\t\t<span class=\"elementor-divider-separator\">\n\t\t\t\t\t\t<\/span>\n\t\t<\/div>\n\t\t\t\t\t\t<\/div>\n\t\t\t\t<div class=\"elementor-element elementor-element-307443c9 elementor-widget-divider--view-line elementor-widget elementor-widget-divider\" data-id=\"307443c9\" data-element_type=\"widget\" data-widget_type=\"divider.default\">\n\t\t\t\t\t\t\t<div class=\"elementor-divider\">\n\t\t\t<span class=\"elementor-divider-separator\">\n\t\t\t\t\t\t<\/span>\n\t\t<\/div>\n\t\t\t\t\t\t<\/div>\n\t\t\t\t<\/div>\n\t\t<div class=\"elementor-element elementor-element-4a67e18a e-con-full e-flex e-con e-child\" data-id=\"4a67e18a\" data-element_type=\"container\" data-settings=\"{&quot;_ha_eqh_enable&quot;:false}\">\n\t\t<div class=\"elementor-element elementor-element-ae26166 e-con-full e-flex e-con e-child\" data-id=\"ae26166\" data-element_type=\"container\" data-settings=\"{&quot;_ha_eqh_enable&quot;:false}\">\n\t\t\t\t<div class=\"elementor-element elementor-element-3148dda elementor-widget elementor-widget-heading\" data-id=\"3148dda\" data-element_type=\"widget\" data-widget_type=\"heading.default\">\n\t\t\t\t\t<h4 class=\"elementor-heading-title elementor-size-default\">nuestros Servicios<\/h4>\t\t\t\t<\/div>\n\t\t\t\t<div class=\"elementor-element elementor-element-294499f6 elementor-icon-list--layout-traditional elementor-list-item-link-full_width elementor-widget elementor-widget-icon-list\" data-id=\"294499f6\" data-element_type=\"widget\" data-widget_type=\"icon-list.default\">\n\t\t\t\t\t\t\t<ul class=\"elementor-icon-list-items\">\n\t\t\t\t\t\t\t<li class=\"elementor-icon-list-item\">\n\t\t\t\t\t\t\t\t\t\t\t<span class=\"elementor-icon-list-icon\">\n\t\t\t\t\t\t\t<i aria-hidden=\"true\" class=\"icon icon-right-arrow1\"><\/i>\t\t\t\t\t\t<\/span>\n\t\t\t\t\t\t\t\t\t\t<span class=\"elementor-icon-list-text\">Comercializaci\u00f3n de Minerales<\/span>\n\t\t\t\t\t\t\t\t\t<\/li>\n\t\t\t\t\t\t\t\t<li class=\"elementor-icon-list-item\">\n\t\t\t\t\t\t\t\t\t\t\t<a href=\"#\">\n\n\t\t\t\t\t\t\t\t\t\t\t\t<span class=\"elementor-icon-list-icon\">\n\t\t\t\t\t\t\t<i aria-hidden=\"true\" class=\"icon icon-right-arrow1\"><\/i>\t\t\t\t\t\t<\/span>\n\t\t\t\t\t\t\t\t\t\t<span class=\"elementor-icon-list-text\">Gesti\u00f3n de Abastecimiento y Contratos<\/span>\n\t\t\t\t\t\t\t\t\t\t\t<\/a>\n\t\t\t\t\t\t\t\t\t<\/li>\n\t\t\t\t\t\t\t\t<li class=\"elementor-icon-list-item\">\n\t\t\t\t\t\t\t\t\t\t\t<a href=\"#\">\n\n\t\t\t\t\t\t\t\t\t\t\t\t<span class=\"elementor-icon-list-icon\">\n\t\t\t\t\t\t\t<i aria-hidden=\"true\" class=\"icon icon-right-arrow1\"><\/i>\t\t\t\t\t\t<\/span>\n\t\t\t\t\t\t\t\t\t\t<span class=\"elementor-icon-list-text\">Log\u00edstica y Coordinaci\u00f3n Operativa<\/span>\n\t\t\t\t\t\t\t\t\t\t\t<\/a>\n\t\t\t\t\t\t\t\t\t<\/li>\n\t\t\t\t\t\t\t\t<li class=\"elementor-icon-list-item\">\n\t\t\t\t\t\t\t\t\t\t\t<a href=\"#\">\n\n\t\t\t\t\t\t\t\t\t\t\t\t<span class=\"elementor-icon-list-icon\">\n\t\t\t\t\t\t\t<i aria-hidden=\"true\" class=\"icon icon-right-arrow1\"><\/i>\t\t\t\t\t\t<\/span>\n\t\t\t\t\t\t\t\t\t\t<span class=\"elementor-icon-list-text\">Control de Calidad y Certificaci\u00f3n<\/span>\n\t\t\t\t\t\t\t\t\t\t\t<\/a>\n\t\t\t\t\t\t\t\t\t<\/li>\n\t\t\t\t\t\t\t\t<li class=\"elementor-icon-list-item\">\n\t\t\t\t\t\t\t\t\t\t\t<a href=\"#\">\n\n\t\t\t\t\t\t\t\t\t\t\t\t<span class=\"elementor-icon-list-icon\">\n\t\t\t\t\t\t\t<i aria-hidden=\"true\" class=\"icon icon-right-arrow1\"><\/i>\t\t\t\t\t\t<\/span>\n\t\t\t\t\t\t\t\t\t\t<span class=\"elementor-icon-list-text\">Asesoramiento Comercial y T\u00e9cnico<\/span>\n\t\t\t\t\t\t\t\t\t\t\t<\/a>\n\t\t\t\t\t\t\t\t\t<\/li>\n\t\t\t\t\t\t\t\t<li class=\"elementor-icon-list-item\">\n\t\t\t\t\t\t\t\t\t\t\t<a href=\"#\">\n\n\t\t\t\t\t\t\t\t\t\t\t\t<span class=\"elementor-icon-list-icon\">\n\t\t\t\t\t\t\t<i aria-hidden=\"true\" class=\"icon icon-right-arrow1\"><\/i>\t\t\t\t\t\t<\/span>\n\t\t\t\t\t\t\t\t\t\t<span class=\"elementor-icon-list-text\">Cumplimiento Normativo y Comercio Responsable<\/span>\n\t\t\t\t\t\t\t\t\t\t\t<\/a>\n\t\t\t\t\t\t\t\t\t<\/li>\n\t\t\t\t\t\t<\/ul>\n\t\t\t\t\t\t<\/div>\n\t\t\t\t<\/div>\n\t\t\t\t<\/div>\n\t\t\t\t<\/div>\n\t\t\t\t\t<\/div>\n\t\t\t\t<\/div>\n\t\t<div class=\"elementor-element elementor-element-3858032c e-flex e-con-boxed e-con e-parent\" data-id=\"3858032c\" data-element_type=\"container\" data-settings=\"{&quot;_ha_eqh_enable&quot;:false}\">\n\t\t\t\t\t<div class=\"e-con-inner\">\n\t\t\t\t<div class=\"elementor-element elementor-element-26631753 elementor-widget elementor-widget-spacer\" data-id=\"26631753\" data-element_type=\"widget\" data-widget_type=\"spacer.default\">\n\t\t\t\t\t\t\t<div class=\"elementor-spacer\">\n\t\t\t<div class=\"elementor-spacer-inner\"><\/div>\n\t\t<\/div>\n\t\t\t\t\t\t<\/div>\n\t\t\t\t\t<\/div>\n\t\t\t\t<\/div>\n\t\t\t\t<\/div>\n\t\t","protected":false},"excerpt":{"rendered":"<p>T\u00e9RMINOS Y CONDICIONES Al acceder y utilizar el sitio web one.com.bo, usted acepta cumplir con los presentes T\u00e9rminos y Condiciones. Si no est\u00e1 de acuerdo con ellos, por favor no utilice este sitio. Uso del sitio web El contenido de one.com.bo es \u00fanicamente para fines informativos y comerciales relacionados con nuestros productos y servicios. El [&hellip;]<\/p>\n","protected":false},"author":1,"featured_media":0,"parent":0,"menu_order":0,"comment_status":"closed","ping_status":"closed","template":"elementor_header_footer","meta":{"footnotes":""},"class_list":["post-792","page","type-page","status-publish","hentry"],"_links":{"self":[{"href":"https:\/\/one.com.bo\/index.php?rest_route=\/wp\/v2\/pages\/792","targetHints":{"allow":["GET"]}}],"collection":[{"href":"https:\/\/one.com.bo\/index.php?rest_route=\/wp\/v2\/pages"}],"about":[{"href":"https:\/\/one.com.bo\/index.php?rest_route=\/wp\/v2\/types\/page"}],"author":[{"embeddable":true,"href":"https:\/\/one.com.bo\/index.php?rest_route=\/wp\/v2\/users\/1"}],"replies":[{"embeddable":true,"href":"https:\/\/one.com.bo\/index.php?rest_route=%2Fwp%2Fv2%2Fcomments&post=792"}],"version-history":[{"count":4,"href":"https:\/\/one.com.bo\/index.php?rest_route=\/wp\/v2\/pages\/792\/revisions"}],"predecessor-version":[{"id":798,"href":"https:\/\/one.com.bo\/index.php?rest_route=\/wp\/v2\/pages\/792\/revisions\/798"}],"wp:attachment":[{"href":"https:\/\/one.com.bo\/index.php?rest_route=%2Fwp%2Fv2%2Fmedia&parent=792"}],"curies":[{"name":"wp","href":"https:\/\/api.w.org\/{rel}","templated":true}]}}