{"id":766,"date":"2026-01-21T21:55:49","date_gmt":"2026-01-21T21:55:49","guid":{"rendered":"https:\/\/one.com.bo\/?page_id=766"},"modified":"2026-01-21T22:01:42","modified_gmt":"2026-01-21T22:01:42","slug":"productos-y-lineas-de-negocio","status":"publish","type":"page","link":"https:\/\/one.com.bo\/?page_id=766","title":{"rendered":"Productos y L\u00edneas de Negocio"},"content":{"rendered":"\t\t<div data-elementor-type=\"wp-page\" data-elementor-id=\"766\" class=\"elementor elementor-766\" data-elementor-settings=\"{&quot;ha_cmc_init_switcher&quot;:&quot;no&quot;}\" data-elementor-post-type=\"page\">\n\t\t\t\t<div class=\"elementor-element elementor-element-68545c46 e-flex e-con-boxed e-con e-parent\" data-id=\"68545c46\" data-element_type=\"container\" data-settings=\"{&quot;background_background&quot;:&quot;classic&quot;,&quot;_ha_eqh_enable&quot;:false}\">\n\t\t\t\t\t<div class=\"e-con-inner\">\n\t\t\t\t<div class=\"elementor-element elementor-element-2f9562ca elementor-widget elementor-widget-heading\" data-id=\"2f9562ca\" data-element_type=\"widget\" data-widget_type=\"heading.default\">\n\t\t\t\t\t<h2 class=\"elementor-heading-title elementor-size-default\">Productos y L\u00edneas de Negocio<\/h2>\t\t\t\t<\/div>\n\t\t\t\t\t<\/div>\n\t\t\t\t<\/div>\n\t\t<div class=\"elementor-element elementor-element-58ec926 e-flex e-con-boxed e-con e-parent\" data-id=\"58ec926\" data-element_type=\"container\" data-settings=\"{&quot;_ha_eqh_enable&quot;:false}\">\n\t\t\t\t\t<div class=\"e-con-inner\">\n\t\t<div class=\"elementor-element elementor-element-436d4ed8 e-con-full e-flex e-con e-child\" data-id=\"436d4ed8\" data-element_type=\"container\" data-settings=\"{&quot;_ha_eqh_enable&quot;:false}\">\n\t\t<div class=\"elementor-element elementor-element-29a92ebc e-con-full e-flex e-con e-child\" data-id=\"29a92ebc\" data-element_type=\"container\" data-settings=\"{&quot;_ha_eqh_enable&quot;:false}\">\n\t\t\t\t<div class=\"elementor-element elementor-element-212045ed elementor-widget elementor-widget-heading\" data-id=\"212045ed\" data-element_type=\"widget\" data-widget_type=\"heading.default\">\n\t\t\t\t\t<h4 class=\"elementor-heading-title elementor-size-default\">nuestros Servicios<\/h4>\t\t\t\t<\/div>\n\t\t\t\t<div class=\"elementor-element elementor-element-22c29fa4 elementor-icon-list--layout-traditional elementor-list-item-link-full_width elementor-widget elementor-widget-icon-list\" data-id=\"22c29fa4\" data-element_type=\"widget\" data-widget_type=\"icon-list.default\">\n\t\t\t\t\t\t\t<ul class=\"elementor-icon-list-items\">\n\t\t\t\t\t\t\t<li class=\"elementor-icon-list-item\">\n\t\t\t\t\t\t\t\t\t\t\t<span class=\"elementor-icon-list-icon\">\n\t\t\t\t\t\t\t<i aria-hidden=\"true\" class=\"icon icon-right-arrow1\"><\/i>\t\t\t\t\t\t<\/span>\n\t\t\t\t\t\t\t\t\t\t<span class=\"elementor-icon-list-text\">Comercializaci\u00f3n de Minerales<\/span>\n\t\t\t\t\t\t\t\t\t<\/li>\n\t\t\t\t\t\t\t\t<li class=\"elementor-icon-list-item\">\n\t\t\t\t\t\t\t\t\t\t\t<a href=\"#\">\n\n\t\t\t\t\t\t\t\t\t\t\t\t<span class=\"elementor-icon-list-icon\">\n\t\t\t\t\t\t\t<i aria-hidden=\"true\" class=\"icon icon-right-arrow1\"><\/i>\t\t\t\t\t\t<\/span>\n\t\t\t\t\t\t\t\t\t\t<span class=\"elementor-icon-list-text\">Gesti\u00f3n de Abastecimiento y Contratos<\/span>\n\t\t\t\t\t\t\t\t\t\t\t<\/a>\n\t\t\t\t\t\t\t\t\t<\/li>\n\t\t\t\t\t\t\t\t<li class=\"elementor-icon-list-item\">\n\t\t\t\t\t\t\t\t\t\t\t<a href=\"#\">\n\n\t\t\t\t\t\t\t\t\t\t\t\t<span class=\"elementor-icon-list-icon\">\n\t\t\t\t\t\t\t<i aria-hidden=\"true\" class=\"icon icon-right-arrow1\"><\/i>\t\t\t\t\t\t<\/span>\n\t\t\t\t\t\t\t\t\t\t<span class=\"elementor-icon-list-text\">Log\u00edstica y Coordinaci\u00f3n Operativa<\/span>\n\t\t\t\t\t\t\t\t\t\t\t<\/a>\n\t\t\t\t\t\t\t\t\t<\/li>\n\t\t\t\t\t\t\t\t<li class=\"elementor-icon-list-item\">\n\t\t\t\t\t\t\t\t\t\t\t<a href=\"#\">\n\n\t\t\t\t\t\t\t\t\t\t\t\t<span class=\"elementor-icon-list-icon\">\n\t\t\t\t\t\t\t<i aria-hidden=\"true\" class=\"icon icon-right-arrow1\"><\/i>\t\t\t\t\t\t<\/span>\n\t\t\t\t\t\t\t\t\t\t<span class=\"elementor-icon-list-text\">Control de Calidad y Certificaci\u00f3n<\/span>\n\t\t\t\t\t\t\t\t\t\t\t<\/a>\n\t\t\t\t\t\t\t\t\t<\/li>\n\t\t\t\t\t\t\t\t<li class=\"elementor-icon-list-item\">\n\t\t\t\t\t\t\t\t\t\t\t<a href=\"#\">\n\n\t\t\t\t\t\t\t\t\t\t\t\t<span class=\"elementor-icon-list-icon\">\n\t\t\t\t\t\t\t<i aria-hidden=\"true\" class=\"icon icon-right-arrow1\"><\/i>\t\t\t\t\t\t<\/span>\n\t\t\t\t\t\t\t\t\t\t<span class=\"elementor-icon-list-text\">Asesoramiento Comercial y T\u00e9cnico<\/span>\n\t\t\t\t\t\t\t\t\t\t\t<\/a>\n\t\t\t\t\t\t\t\t\t<\/li>\n\t\t\t\t\t\t\t\t<li class=\"elementor-icon-list-item\">\n\t\t\t\t\t\t\t\t\t\t\t<a href=\"#\">\n\n\t\t\t\t\t\t\t\t\t\t\t\t<span class=\"elementor-icon-list-icon\">\n\t\t\t\t\t\t\t<i aria-hidden=\"true\" class=\"icon icon-right-arrow1\"><\/i>\t\t\t\t\t\t<\/span>\n\t\t\t\t\t\t\t\t\t\t<span class=\"elementor-icon-list-text\">Cumplimiento Normativo y Comercio Responsable<\/span>\n\t\t\t\t\t\t\t\t\t\t\t<\/a>\n\t\t\t\t\t\t\t\t\t<\/li>\n\t\t\t\t\t\t<\/ul>\n\t\t\t\t\t\t<\/div>\n\t\t\t\t<\/div>\n\t\t\t\t<div class=\"elementor-element elementor-element-359a3ef6 elementor-widget-divider--view-line elementor-widget elementor-widget-divider\" data-id=\"359a3ef6\" data-element_type=\"widget\" data-widget_type=\"divider.default\">\n\t\t\t\t\t\t\t<div class=\"elementor-divider\">\n\t\t\t<span class=\"elementor-divider-separator\">\n\t\t\t\t\t\t<\/span>\n\t\t<\/div>\n\t\t\t\t\t\t<\/div>\n\t\t<div class=\"elementor-element elementor-element-737c8747 e-con-full e-flex e-con e-child\" data-id=\"737c8747\" data-element_type=\"container\" data-settings=\"{&quot;_ha_eqh_enable&quot;:false}\">\n\t\t<div class=\"elementor-element elementor-element-5d8d47b8 e-con-full e-flex e-con e-child\" data-id=\"5d8d47b8\" data-element_type=\"container\" data-settings=\"{&quot;_ha_eqh_enable&quot;:false}\">\n\t\t\t\t<\/div>\n\t\t<div class=\"elementor-element elementor-element-33603bb8 e-con-full e-flex e-con e-child\" data-id=\"33603bb8\" data-element_type=\"container\" data-settings=\"{&quot;_ha_eqh_enable&quot;:false}\">\n\t\t\t\t<\/div>\n\t\t\t\t<\/div>\n\t\t<div class=\"elementor-element elementor-element-2fc56df4 e-con-full e-flex e-con e-child\" data-id=\"2fc56df4\" data-element_type=\"container\" data-settings=\"{&quot;background_background&quot;:&quot;classic&quot;,&quot;_ha_eqh_enable&quot;:false}\">\n\t\t\t\t<\/div>\n\t\t\t\t<\/div>\n\t\t<div class=\"elementor-element elementor-element-67d88513 e-con-full e-flex e-con e-child\" data-id=\"67d88513\" data-element_type=\"container\" data-settings=\"{&quot;_ha_eqh_enable&quot;:false}\">\n\t\t<div class=\"elementor-element elementor-element-39428989 e-con-full e-flex e-con e-child\" data-id=\"39428989\" data-element_type=\"container\" data-settings=\"{&quot;_ha_eqh_enable&quot;:false}\">\n\t\t\t\t<div class=\"elementor-element elementor-element-32da8da8 elementor-invisible elementor-widget elementor-widget-heading\" data-id=\"32da8da8\" data-element_type=\"widget\" data-settings=\"{&quot;_animation&quot;:&quot;slideInLeft&quot;}\" data-widget_type=\"heading.default\">\n\t\t\t\t\t<h4 class=\"elementor-heading-title elementor-size-default\">En NOM S.R.L.<\/h4>\t\t\t\t<\/div>\n\t\t\t\t<\/div>\n\t\t\t\t<div class=\"elementor-element elementor-element-30d715bb elementor-widget elementor-widget-text-editor\" data-id=\"30d715bb\" data-element_type=\"widget\" data-widget_type=\"text-editor.default\">\n\t\t\t\t\t\t\t\t\t<p style=\"font-weight: 400;\">Ofrecemos una cartera diversificada de <strong>minerales y metales estrat\u00e9gicos<\/strong>, orientada a abastecer a distintas industrias a nivel nacional e internacional. Nuestros productos cumplen con exigentes est\u00e1ndares de calidad y responden a las necesidades t\u00e9cnicas y comerciales de mercados altamente competitivos.<\/p>\t\t\t\t\t\t\t\t<\/div>\n\t\t\t\t<div class=\"elementor-element elementor-element-491faf2 elementor-widget elementor-widget-image\" data-id=\"491faf2\" data-element_type=\"widget\" data-widget_type=\"image.default\">\n\t\t\t\t\t\t\t\t\t\t\t\t\t\t\t<img fetchpriority=\"high\" decoding=\"async\" width=\"1600\" height=\"1067\" src=\"https:\/\/one.com.bo\/wp-content\/uploads\/2026\/01\/MQG7RAJx.jpg\" class=\"attachment-full size-full wp-image-202\" alt=\"\" srcset=\"https:\/\/one.com.bo\/wp-content\/uploads\/2026\/01\/MQG7RAJx.jpg 1600w, https:\/\/one.com.bo\/wp-content\/uploads\/2026\/01\/MQG7RAJx-300x200.jpg 300w, https:\/\/one.com.bo\/wp-content\/uploads\/2026\/01\/MQG7RAJx-1024x683.jpg 1024w, https:\/\/one.com.bo\/wp-content\/uploads\/2026\/01\/MQG7RAJx-768x512.jpg 768w, https:\/\/one.com.bo\/wp-content\/uploads\/2026\/01\/MQG7RAJx-1536x1024.jpg 1536w\" sizes=\"(max-width: 1600px) 100vw, 1600px\" \/>\t\t\t\t\t\t\t\t\t\t\t\t\t\t\t<\/div>\n\t\t<div class=\"elementor-element elementor-element-2d62130 e-con-full e-flex e-con e-child\" data-id=\"2d62130\" data-element_type=\"container\" data-settings=\"{&quot;_ha_eqh_enable&quot;:false}\">\n\t\t<div class=\"elementor-element elementor-element-3d10ebcd e-con-full e-flex e-con e-child\" data-id=\"3d10ebcd\" data-element_type=\"container\" data-settings=\"{&quot;_ha_eqh_enable&quot;:false}\">\n\t\t\t\t<div class=\"elementor-element elementor-element-689d8dd9 elementor-widget elementor-widget-text-editor\" data-id=\"689d8dd9\" data-element_type=\"widget\" data-widget_type=\"text-editor.default\">\n\t\t\t\t\t\t\t\t\t<p style=\"font-weight: 400;\"><strong>Minerales Met\u00e1licos<\/strong><\/p><p style=\"font-weight: 400;\"><strong>Zinc<\/strong><br \/>Mineral esencial para la protecci\u00f3n anticorrosiva, la galvanizaci\u00f3n y la fabricaci\u00f3n de aleaciones especiales utilizadas en m\u00faltiples aplicaciones industriales.<\/p><p style=\"font-weight: 400;\"><strong>Plata<\/strong><br \/>Metal de alto valor con amplias aplicaciones industriales, tecnol\u00f3gicas y energ\u00e9ticas, altamente demandado en los mercados internacionales por su conductividad y versatilidad.<\/p><p style=\"font-weight: 400;\"><strong>Plomo<\/strong><br \/>Utilizado principalmente en la fabricaci\u00f3n de bater\u00edas, sistemas de protecci\u00f3n y procesos de manufactura especializada, con requerimientos t\u00e9cnicos espec\u00edficos.<\/p>\t\t\t\t\t\t\t\t<\/div>\n\t\t\t\t<div class=\"elementor-element elementor-element-3a39e748 elementor-invisible elementor-widget elementor-widget-image\" data-id=\"3a39e748\" data-element_type=\"widget\" data-settings=\"{&quot;_animation&quot;:&quot;slideInUp&quot;}\" data-widget_type=\"image.default\">\n\t\t\t\t\t\t\t\t\t\t\t\t\t\t\t<img decoding=\"async\" width=\"1600\" height=\"1067\" src=\"https:\/\/one.com.bo\/wp-content\/uploads\/2026\/01\/CSX5U8Gb.jpg\" class=\"attachment-full size-full wp-image-194\" alt=\"\" srcset=\"https:\/\/one.com.bo\/wp-content\/uploads\/2026\/01\/CSX5U8Gb.jpg 1600w, https:\/\/one.com.bo\/wp-content\/uploads\/2026\/01\/CSX5U8Gb-300x200.jpg 300w, https:\/\/one.com.bo\/wp-content\/uploads\/2026\/01\/CSX5U8Gb-1024x683.jpg 1024w, https:\/\/one.com.bo\/wp-content\/uploads\/2026\/01\/CSX5U8Gb-768x512.jpg 768w, https:\/\/one.com.bo\/wp-content\/uploads\/2026\/01\/CSX5U8Gb-1536x1024.jpg 1536w\" sizes=\"(max-width: 1600px) 100vw, 1600px\" \/>\t\t\t\t\t\t\t\t\t\t\t\t\t\t\t<\/div>\n\t\t\t\t<\/div>\n\t\t<div class=\"elementor-element elementor-element-2ddf2444 e-con-full e-flex e-con e-child\" data-id=\"2ddf2444\" data-element_type=\"container\" data-settings=\"{&quot;_ha_eqh_enable&quot;:false}\">\n\t\t\t\t<div class=\"elementor-element elementor-element-68734a1 elementor-widget elementor-widget-text-editor\" data-id=\"68734a1\" data-element_type=\"widget\" data-widget_type=\"text-editor.default\">\n\t\t\t\t\t\t\t\t\t<p style=\"font-weight: 400;\"><strong>Antimonio<\/strong><br \/>Mineral estrat\u00e9gico empleado en la producci\u00f3n de retardantes de llama, aleaciones especiales y aplicaciones industriales de alto rendimiento.<\/p><p style=\"font-weight: 400;\"><strong>Cobre<\/strong><br \/>Metal clave para la industria el\u00e9ctrica, la construcci\u00f3n y el desarrollo de tecnolog\u00edas avanzadas, reconocido por su alta conductividad y durabilidad.<\/p><p style=\"font-weight: 400;\"><strong>Productos Semiacabados<\/strong><\/p><p style=\"font-weight: 400;\">Comercializamos <strong>materiales ferrosos y no ferrosos<\/strong> en formatos semiacabados, con especificaciones t\u00e9cnicas adaptadas a los requerimientos productivos y comerciales de nuestros clientes.<\/p><p style=\"font-weight: 400;\">Cada uno de nuestros productos est\u00e1 respaldado por <strong>certificados de calidad y an\u00e1lisis t\u00e9cnicos<\/strong>, que garantizan su conformidad con los est\u00e1ndares internacionales y aseguran trazabilidad, confiabilidad y consistencia en cada operaci\u00f3n.<\/p>\t\t\t\t\t\t\t\t<\/div>\n\t\t\t\t<\/div>\n\t\t\t\t<\/div>\n\t\t\t\t<\/div>\n\t\t\t\t\t<\/div>\n\t\t\t\t<\/div>\n\t\t<div class=\"elementor-element elementor-element-286326e4 e-flex e-con-boxed e-con e-parent\" data-id=\"286326e4\" data-element_type=\"container\" data-settings=\"{&quot;_ha_eqh_enable&quot;:false}\">\n\t\t\t\t\t<div class=\"e-con-inner\">\n\t\t\t\t\t<\/div>\n\t\t\t\t<\/div>\n\t\t\t\t<\/div>\n\t\t","protected":false},"excerpt":{"rendered":"<p>Productos y L\u00edneas de Negocio nuestros Servicios Comercializaci\u00f3n de Minerales Gesti\u00f3n de Abastecimiento y Contratos Log\u00edstica y Coordinaci\u00f3n Operativa Control de Calidad y Certificaci\u00f3n Asesoramiento Comercial y T\u00e9cnico Cumplimiento Normativo y Comercio Responsable En NOM S.R.L. Ofrecemos una cartera diversificada de minerales y metales estrat\u00e9gicos, orientada a abastecer a distintas industrias a nivel nacional e [&hellip;]<\/p>\n","protected":false},"author":1,"featured_media":0,"parent":0,"menu_order":0,"comment_status":"closed","ping_status":"closed","template":"","meta":{"footnotes":""},"class_list":["post-766","page","type-page","status-publish","hentry"],"_links":{"self":[{"href":"https:\/\/one.com.bo\/index.php?rest_route=\/wp\/v2\/pages\/766","targetHints":{"allow":["GET"]}}],"collection":[{"href":"https:\/\/one.com.bo\/index.php?rest_route=\/wp\/v2\/pages"}],"about":[{"href":"https:\/\/one.com.bo\/index.php?rest_route=\/wp\/v2\/types\/page"}],"author":[{"embeddable":true,"href":"https:\/\/one.com.bo\/index.php?rest_route=\/wp\/v2\/users\/1"}],"replies":[{"embeddable":true,"href":"https:\/\/one.com.bo\/index.php?rest_route=%2Fwp%2Fv2%2Fcomments&post=766"}],"version-history":[{"count":4,"href":"https:\/\/one.com.bo\/index.php?rest_route=\/wp\/v2\/pages\/766\/revisions"}],"predecessor-version":[{"id":771,"href":"https:\/\/one.com.bo\/index.php?rest_route=\/wp\/v2\/pages\/766\/revisions\/771"}],"wp:attachment":[{"href":"https:\/\/one.com.bo\/index.php?rest_route=%2Fwp%2Fv2%2Fmedia&parent=766"}],"curies":[{"name":"wp","href":"https:\/\/api.w.org\/{rel}","templated":true}]}}