{"id":666,"date":"2026-01-19T01:15:32","date_gmt":"2026-01-19T01:15:32","guid":{"rendered":"https:\/\/one.com.bo\/?page_id=666"},"modified":"2026-03-05T20:08:46","modified_gmt":"2026-03-05T20:08:46","slug":"blog","status":"publish","type":"page","link":"https:\/\/one.com.bo\/?page_id=666","title":{"rendered":"BLOG"},"content":{"rendered":"\t\t<div data-elementor-type=\"wp-page\" data-elementor-id=\"666\" class=\"elementor elementor-666\" data-elementor-settings=\"{&quot;ha_cmc_init_switcher&quot;:&quot;no&quot;}\" data-elementor-post-type=\"page\">\n\t\t\t\t<div class=\"elementor-element elementor-element-46bcac78 e-flex e-con-boxed e-con e-parent\" data-id=\"46bcac78\" data-element_type=\"container\" data-settings=\"{&quot;background_background&quot;:&quot;classic&quot;,&quot;_ha_eqh_enable&quot;:false}\">\n\t\t\t\t\t<div class=\"e-con-inner\">\n\t\t\t\t<div class=\"elementor-element elementor-element-d657650 elementor-widget elementor-widget-heading\" data-id=\"d657650\" data-element_type=\"widget\" data-widget_type=\"heading.default\">\n\t\t\t\t\t<h2 class=\"elementor-heading-title elementor-size-default\">NOTICIAS DE LA MINERIA<\/h2>\t\t\t\t<\/div>\n\t\t\t\t\t<\/div>\n\t\t\t\t<\/div>\n\t\t<div class=\"elementor-element elementor-element-3c6e7dbc e-flex e-con-boxed e-con e-parent\" data-id=\"3c6e7dbc\" data-element_type=\"container\" data-settings=\"{&quot;background_background&quot;:&quot;classic&quot;,&quot;_ha_eqh_enable&quot;:false}\">\n\t\t\t\t\t<div class=\"e-con-inner\">\n\t\t\t\t<div class=\"elementor-element elementor-element-a62fe68 elementor-widget elementor-widget-elementskit-blog-posts\" data-id=\"a62fe68\" data-element_type=\"widget\" data-widget_type=\"elementskit-blog-posts.default\">\n\t\t\t\t\t<div class=\"ekit-wid-con\" >        <div id=\"post-items--a62fe68\" class=\"row post-items\">\n                    <div class=\"col-lg-4 col-md-6\">\n\n                                    <div class=\"elementskit-post-image-card\">\n                        <div class=\"elementskit-entry-header\">\n                                                            <a href=\"https:\/\/one.com.bo\/?p=656\" class=\"elementskit-entry-thumb\">\n                                    <img decoding=\"async\" src=\"https:\/\/one.com.bo\/wp-content\/uploads\/2026\/01\/don-mario-2-1024x683.jpg\" alt=\"Orvana Minerals reporta avances en producci\u00f3n y proyecto en Don Mario\">\n                                <\/a><!-- .elementskit-entry-thumb END -->\n                                                            \n                            \n\t\t\t\t\t\t\t\t\t\t\t\t\t<\/div><!-- .elementskit-entry-header END -->\n\n\t\t\t\t\t\t<div class=\"elementskit-post-body \">\n\t\t\t\t\t\t\t\n\t\t\t\t\t\t\t\t\t\t\t\t\t\t\t\t\t\t\t\t\t\t\t\t\t\n\t\t\t\t\t\t\t\t\n\t\t\t\t\t\t\t\t\t\t\t\t\t\t\t\t\t\t\t\t\t<h2 class=\"entry-title\">\n\t\t\t\t\t<a href=\"https:\/\/one.com.bo\/?p=656\">\n\t\t\t\t\t\tOrvana Minerals reporta avances en producci\u00f3n y proyecto en Don Mario\t\t\t\t\t<\/a>\n\t\t\t\t<\/h2>\n\t\t\t\t\t\t\t\t\t\t\t\t\t\t\t\t\t\t\t\t\t\t\t\t\t\t\t\t\t\t\t\t\t\t\t\t\t\t\t\t\t\t<p>La empresa minera internacional\u00a0Orvana Minerals Corp.\u00a0anunci\u00f3\u00a0recientemente\u00a0resultados y actualizaciones de producci\u00f3n correspondientes al\u00a0primer trimestre del a\u00f1o fiscal 2026, concluyendo el\u00a031 de diciembre de 2025, as\u00ed como avances en el\u00a0proyecto de procesamiento de \u00f3xidos en su operaci\u00f3n de Don Mario, Bolivia.\u00a0\u00a0 Don Mario\u00a0es una de las operaciones mineras m\u00e1s importantes de Orvana en Bolivia, ubicada en la [&hellip;]<\/p>\n\t\t\t\t\t\t\t\t\t\t\t\t\t\t\t\t\t\t\t\t\t\t                                                            <div class=\"btn-wraper\">\n                                    \n                                                                            <a class=\"elementskit-btn whitespace--normal\" id=\"\" href=\"https:\/\/one.com.bo\/?p=656\">\n                                        \t                                            Saber m\u00e1s                                         <\/a>\n                                                                    <\/div>\n                                                    <\/div><!-- .elementskit-post-body END -->\n                    <\/div>\n                \n            <\/div>\n                    <div class=\"col-lg-4 col-md-6\">\n\n                                    <div class=\"elementskit-post-image-card\">\n                        <div class=\"elementskit-entry-header\">\n                                                            <a href=\"https:\/\/one.com.bo\/?p=651\" class=\"elementskit-entry-thumb\">\n                                    <img decoding=\"async\" src=\"https:\/\/one.com.bo\/wp-content\/uploads\/2026\/01\/mineria-ilegal-2-1024x683.jpg\" alt=\"Expansi\u00f3n de la miner\u00eda ilegal y su impacto ambiental en Bolivia\">\n                                <\/a><!-- .elementskit-entry-thumb END -->\n                                                            \n                            \n\t\t\t\t\t\t\t\t\t\t\t\t\t<\/div><!-- .elementskit-entry-header END -->\n\n\t\t\t\t\t\t<div class=\"elementskit-post-body \">\n\t\t\t\t\t\t\t\n\t\t\t\t\t\t\t\t\t\t\t\t\t\t\t\t\t\t\t\t\t\t\t\t\t\n\t\t\t\t\t\t\t\t\n\t\t\t\t\t\t\t\t\t\t\t\t\t\t\t\t\t\t\t\t\t<h2 class=\"entry-title\">\n\t\t\t\t\t<a href=\"https:\/\/one.com.bo\/?p=651\">\n\t\t\t\t\t\tExpansi\u00f3n de la miner\u00eda ilegal y su impacto ambiental en Bolivia\t\t\t\t\t<\/a>\n\t\t\t\t<\/h2>\n\t\t\t\t\t\t\t\t\t\t\t\t\t\t\t\t\t\t\t\t\t\t\t\t\t\t\t\t\t\t\t\t\t\t\t\t\t\t\t\t\t\t<p>Una evaluaci\u00f3n ambiental publicada\u00a0hoy\u00a0destaca que\u00a0la miner\u00eda ilegal contin\u00faa expandi\u00e9ndose sin control en varias regiones de Bolivia, generando impactos significativos en el medio ambiente, comunidades ind\u00edgenas y la salud p\u00fablica, seg\u00fan un balance ambiental nacional de 2025.\u00a0\u00a0 Miner\u00eda ilegal en auge Durante 2025, la extracci\u00f3n il\u00edcita de minerales, especialmente de\u00a0oro en \u00e1reas amaz\u00f3nicas del norte del [&hellip;]<\/p>\n\t\t\t\t\t\t\t\t\t\t\t\t\t\t\t\t\t\t\t\t\t\t                                                            <div class=\"btn-wraper\">\n                                    \n                                                                            <a class=\"elementskit-btn whitespace--normal\" id=\"\" href=\"https:\/\/one.com.bo\/?p=651\">\n                                        \t                                            Saber m\u00e1s                                         <\/a>\n                                                                    <\/div>\n                                                    <\/div><!-- .elementskit-post-body END -->\n                    <\/div>\n                \n            <\/div>\n                    <div class=\"col-lg-4 col-md-6\">\n\n                                    <div class=\"elementskit-post-image-card\">\n                        <div class=\"elementskit-entry-header\">\n                                                            <a href=\"https:\/\/one.com.bo\/?p=645\" class=\"elementskit-entry-thumb\">\n                                    <img decoding=\"async\" src=\"https:\/\/one.com.bo\/wp-content\/uploads\/2026\/01\/cerro-rico-3-1024x683.jpg\" alt=\"Crisis en el Cerro Rico de Potos\u00ed y retos de la miner\u00eda en Bolivia\">\n                                <\/a><!-- .elementskit-entry-thumb END -->\n                                                            \n                            \n\t\t\t\t\t\t\t\t\t\t\t\t\t<\/div><!-- .elementskit-entry-header END -->\n\n\t\t\t\t\t\t<div class=\"elementskit-post-body \">\n\t\t\t\t\t\t\t\n\t\t\t\t\t\t\t\t\t\t\t\t\t\t\t\t\t\t\t\t\t\t\t\t\t\n\t\t\t\t\t\t\t\t\n\t\t\t\t\t\t\t\t\t\t\t\t\t\t\t\t\t\t\t\t\t<h2 class=\"entry-title\">\n\t\t\t\t\t<a href=\"https:\/\/one.com.bo\/?p=645\">\n\t\t\t\t\t\tCrisis en el Cerro Rico de Potos\u00ed y retos de la miner\u00eda en Bolivia\t\t\t\t\t<\/a>\n\t\t\t\t<\/h2>\n\t\t\t\t\t\t\t\t\t\t\t\t\t\t\t\t\t\t\t\t\t\t\t\t\t\t\t\t\t\t\t\t\t\t\t\t\t\t\t\t\t\t<p>Estado cr\u00edtico del Cerro Rico El emblem\u00e1tico\u00a0Cerro Rico de Potos\u00ed, declarado Patrimonio Cultural e Hist\u00f3rico de la Humanidad por la UNESCO, enfrenta un grave deterioro estructural debido a siglos de explotaci\u00f3n minera. En los \u00faltimos a\u00f1os se han documentado\u00a0cientos de hundimientos y grietas profundas, especialmente en sus zonas altas, lo que ha generado alerta sobre [&hellip;]<\/p>\n\t\t\t\t\t\t\t\t\t\t\t\t\t\t\t\t\t\t\t\t\t\t                                                            <div class=\"btn-wraper\">\n                                    \n                                                                            <a class=\"elementskit-btn whitespace--normal\" id=\"\" href=\"https:\/\/one.com.bo\/?p=645\">\n                                        \t                                            Saber m\u00e1s                                         <\/a>\n                                                                    <\/div>\n                                                    <\/div><!-- .elementskit-post-body END -->\n                    <\/div>\n                \n            <\/div>\n                <\/div>\n       <\/div>\t\t\t\t<\/div>\n\t\t\t\t<div class=\"elementor-element elementor-element-b71e6f1 elementor-widget-mobile__width-initial elementor-widget elementor-widget-elementskit-blog-posts\" data-id=\"b71e6f1\" data-element_type=\"widget\" data-widget_type=\"elementskit-blog-posts.default\">\n\t\t\t\t\t<div class=\"ekit-wid-con\" >        <div id=\"post-items--b71e6f1\" class=\"row post-items\">\n                <\/div>\n       <\/div>\t\t\t\t<\/div>\n\t\t\t\t\t<\/div>\n\t\t\t\t<\/div>\n\t\t\t\t<\/div>\n\t\t","protected":false},"excerpt":{"rendered":"<p>NOTICIAS DE LA MINERIA Orvana Minerals reporta avances en producci\u00f3n y proyecto en Don Mario La empresa minera internacional\u00a0Orvana Minerals Corp.\u00a0anunci\u00f3\u00a0recientemente\u00a0resultados y actualizaciones de producci\u00f3n correspondientes al\u00a0primer trimestre del a\u00f1o fiscal 2026, concluyendo el\u00a031 de diciembre de 2025, as\u00ed como avances en el\u00a0proyecto de procesamiento de \u00f3xidos en su operaci\u00f3n de Don Mario, Bolivia.\u00a0\u00a0 Don [&hellip;]<\/p>\n","protected":false},"author":1,"featured_media":0,"parent":0,"menu_order":0,"comment_status":"closed","ping_status":"closed","template":"","meta":{"footnotes":""},"class_list":["post-666","page","type-page","status-publish","hentry"],"_links":{"self":[{"href":"https:\/\/one.com.bo\/index.php?rest_route=\/wp\/v2\/pages\/666","targetHints":{"allow":["GET"]}}],"collection":[{"href":"https:\/\/one.com.bo\/index.php?rest_route=\/wp\/v2\/pages"}],"about":[{"href":"https:\/\/one.com.bo\/index.php?rest_route=\/wp\/v2\/types\/page"}],"author":[{"embeddable":true,"href":"https:\/\/one.com.bo\/index.php?rest_route=\/wp\/v2\/users\/1"}],"replies":[{"embeddable":true,"href":"https:\/\/one.com.bo\/index.php?rest_route=%2Fwp%2Fv2%2Fcomments&post=666"}],"version-history":[{"count":5,"href":"https:\/\/one.com.bo\/index.php?rest_route=\/wp\/v2\/pages\/666\/revisions"}],"predecessor-version":[{"id":830,"href":"https:\/\/one.com.bo\/index.php?rest_route=\/wp\/v2\/pages\/666\/revisions\/830"}],"wp:attachment":[{"href":"https:\/\/one.com.bo\/index.php?rest_route=%2Fwp%2Fv2%2Fmedia&parent=666"}],"curies":[{"name":"wp","href":"https:\/\/api.w.org\/{rel}","templated":true}]}}