{"id":525,"date":"2026-01-17T20:58:13","date_gmt":"2026-01-17T20:58:13","guid":{"rendered":"https:\/\/one.com.bo\/?page_id=525"},"modified":"2026-01-17T20:59:29","modified_gmt":"2026-01-17T20:59:29","slug":"detalle-de-proyectos","status":"publish","type":"page","link":"https:\/\/one.com.bo\/?page_id=525","title":{"rendered":"Detalle de Proyectos"},"content":{"rendered":"\t\t<div data-elementor-type=\"wp-page\" data-elementor-id=\"525\" class=\"elementor elementor-525\" data-elementor-settings=\"{&quot;ha_cmc_init_switcher&quot;:&quot;no&quot;}\" data-elementor-post-type=\"page\">\n\t\t\t\t<div class=\"elementor-element elementor-element-64e42b17 e-flex e-con-boxed e-con e-parent\" data-id=\"64e42b17\" data-element_type=\"container\" data-settings=\"{&quot;background_background&quot;:&quot;classic&quot;,&quot;_ha_eqh_enable&quot;:false}\">\n\t\t\t\t\t<div class=\"e-con-inner\">\n\t\t\t\t<div class=\"elementor-element elementor-element-f1144cb elementor-widget elementor-widget-heading\" data-id=\"f1144cb\" data-element_type=\"widget\" data-widget_type=\"heading.default\">\n\t\t\t\t\t<h2 class=\"elementor-heading-title elementor-size-default\">Proyecci\u00f3n Estrat\u00e9gica y Planes a Futuro<\/h2>\t\t\t\t<\/div>\n\t\t\t\t\t<\/div>\n\t\t\t\t<\/div>\n\t\t<div class=\"elementor-element elementor-element-5c428353 e-flex e-con-boxed e-con e-parent\" data-id=\"5c428353\" data-element_type=\"container\" data-settings=\"{&quot;_ha_eqh_enable&quot;:false}\">\n\t\t\t\t\t<div class=\"e-con-inner\">\n\t\t\t\t<div class=\"elementor-element elementor-element-2c76e9cc elementor-widget elementor-widget-text-editor\" data-id=\"2c76e9cc\" data-element_type=\"widget\" data-widget_type=\"text-editor.default\">\n\t\t\t\t\t\t\t\t\t<p style=\"font-weight: 400;\">Con una visi\u00f3n orientada al crecimiento sostenible, la eficiencia operativa y el posicionamiento internacional, <strong>NOM S.R.L.<\/strong> proyecta su desarrollo a trav\u00e9s de un plan estrat\u00e9gico integral que contempla los siguientes ejes:<\/p>\t\t\t\t\t\t\t\t<\/div>\n\t\t\t\t\t<\/div>\n\t\t\t\t<\/div>\n\t\t<div class=\"elementor-element elementor-element-3dbe5ba6 e-flex e-con-boxed e-con e-parent\" data-id=\"3dbe5ba6\" data-element_type=\"container\" data-settings=\"{&quot;_ha_eqh_enable&quot;:false}\">\n\t\t\t\t\t<div class=\"e-con-inner\">\n\t\t\t\t<div class=\"elementor-element elementor-element-733f53e2 elementor-widget elementor-widget-image\" data-id=\"733f53e2\" data-element_type=\"widget\" data-widget_type=\"image.default\">\n\t\t\t\t\t\t\t\t\t\t\t\t\t\t\t<img fetchpriority=\"high\" decoding=\"async\" width=\"1600\" height=\"1067\" src=\"https:\/\/one.com.bo\/wp-content\/uploads\/2026\/01\/UW698XMb.jpg\" class=\"attachment-full size-full wp-image-183\" alt=\"\" srcset=\"https:\/\/one.com.bo\/wp-content\/uploads\/2026\/01\/UW698XMb.jpg 1600w, https:\/\/one.com.bo\/wp-content\/uploads\/2026\/01\/UW698XMb-300x200.jpg 300w, https:\/\/one.com.bo\/wp-content\/uploads\/2026\/01\/UW698XMb-1024x683.jpg 1024w, https:\/\/one.com.bo\/wp-content\/uploads\/2026\/01\/UW698XMb-768x512.jpg 768w, https:\/\/one.com.bo\/wp-content\/uploads\/2026\/01\/UW698XMb-1536x1024.jpg 1536w\" sizes=\"(max-width: 1600px) 100vw, 1600px\" \/>\t\t\t\t\t\t\t\t\t\t\t\t\t\t\t<\/div>\n\t\t<div class=\"elementor-element elementor-element-7d1d920f e-con-full e-flex e-con e-child\" data-id=\"7d1d920f\" data-element_type=\"container\" data-settings=\"{&quot;background_background&quot;:&quot;classic&quot;,&quot;_ha_eqh_enable&quot;:false}\">\n\t\t<div class=\"elementor-element elementor-element-2e2eae0a e-con-full e-flex e-con e-child\" data-id=\"2e2eae0a\" data-element_type=\"container\" data-settings=\"{&quot;_ha_eqh_enable&quot;:false}\">\n\t\t\t\t<div class=\"elementor-element elementor-element-1ff5230d elementor-position-inline-start elementor-view-default elementor-mobile-position-block-start elementor-widget elementor-widget-icon-box\" data-id=\"1ff5230d\" data-element_type=\"widget\" data-widget_type=\"icon-box.default\">\n\t\t\t\t\t\t\t<div class=\"elementor-icon-box-wrapper\">\n\n\t\t\t\t\t\t<div class=\"elementor-icon-box-icon\">\n\t\t\t\t<span  class=\"elementor-icon\">\n\t\t\t\t<i aria-hidden=\"true\" class=\"icon icon-map-marker1\"><\/i>\t\t\t\t<\/span>\n\t\t\t<\/div>\n\t\t\t\n\t\t\t\n\t\t<\/div>\n\t\t\t\t\t\t<\/div>\n\t\t\t\t<\/div>\n\t\t<div class=\"elementor-element elementor-element-69d0b1c0 e-con-full e-flex e-con e-child\" data-id=\"69d0b1c0\" data-element_type=\"container\" data-settings=\"{&quot;_ha_eqh_enable&quot;:false}\">\n\t\t\t\t<div class=\"elementor-element elementor-element-69e87b63 elementor-position-inline-start elementor-view-default elementor-mobile-position-block-start elementor-widget elementor-widget-icon-box\" data-id=\"69e87b63\" data-element_type=\"widget\" data-widget_type=\"icon-box.default\">\n\t\t\t\t\t\t\t<div class=\"elementor-icon-box-wrapper\">\n\n\t\t\t\t\t\t<div class=\"elementor-icon-box-icon\">\n\t\t\t\t<span  class=\"elementor-icon\">\n\t\t\t\t<i aria-hidden=\"true\" class=\"icon icon-layers1\"><\/i>\t\t\t\t<\/span>\n\t\t\t<\/div>\n\t\t\t\n\t\t\t\n\t\t<\/div>\n\t\t\t\t\t\t<\/div>\n\t\t\t\t<\/div>\n\t\t<div class=\"elementor-element elementor-element-6c4d2697 e-con-full e-flex e-con e-child\" data-id=\"6c4d2697\" data-element_type=\"container\" data-settings=\"{&quot;_ha_eqh_enable&quot;:false}\">\n\t\t\t\t<div class=\"elementor-element elementor-element-f4205ea elementor-position-inline-start elementor-view-default elementor-mobile-position-block-start elementor-widget elementor-widget-icon-box\" data-id=\"f4205ea\" data-element_type=\"widget\" data-widget_type=\"icon-box.default\">\n\t\t\t\t\t\t\t<div class=\"elementor-icon-box-wrapper\">\n\n\t\t\t\t\t\t<div class=\"elementor-icon-box-icon\">\n\t\t\t\t<span  class=\"elementor-icon\">\n\t\t\t\t<i aria-hidden=\"true\" class=\"icon icon-alarm-clock\"><\/i>\t\t\t\t<\/span>\n\t\t\t<\/div>\n\t\t\t\n\t\t\t\n\t\t<\/div>\n\t\t\t\t\t\t<\/div>\n\t\t\t\t<\/div>\n\t\t\t\t<\/div>\n\t\t\t\t<div class=\"elementor-element elementor-element-387e9fd9 elementor-widget-divider--view-line elementor-widget elementor-widget-divider\" data-id=\"387e9fd9\" data-element_type=\"widget\" data-widget_type=\"divider.default\">\n\t\t\t\t\t\t\t<div class=\"elementor-divider\">\n\t\t\t<span class=\"elementor-divider-separator\">\n\t\t\t\t\t\t<\/span>\n\t\t<\/div>\n\t\t\t\t\t\t<\/div>\n\t\t<div class=\"elementor-element elementor-element-63072274 e-con-full e-flex e-con e-child\" data-id=\"63072274\" data-element_type=\"container\" data-settings=\"{&quot;_ha_eqh_enable&quot;:false}\">\n\t\t<div class=\"elementor-element elementor-element-72ce379e e-con-full e-flex e-con e-child\" data-id=\"72ce379e\" data-element_type=\"container\" data-settings=\"{&quot;_ha_eqh_enable&quot;:false}\">\n\t\t\t\t<div class=\"elementor-element elementor-element-17a5a577 elementor-widget elementor-widget-heading\" data-id=\"17a5a577\" data-element_type=\"widget\" data-widget_type=\"heading.default\">\n\t\t\t\t\t<h3 class=\"elementor-heading-title elementor-size-default\">Con una visi\u00f3n<\/h3>\t\t\t\t<\/div>\n\t\t\t\t<div class=\"elementor-element elementor-element-41a302fb elementor-widget elementor-widget-text-editor\" data-id=\"41a302fb\" data-element_type=\"widget\" data-widget_type=\"text-editor.default\">\n\t\t\t\t\t\t\t\t\t<ol><li style=\"font-weight: 400;\"><strong> Diversificaci\u00f3n del Portafolio de Minerales<\/strong><\/li><\/ol><p style=\"font-weight: 400;\">NOM SRL ampliar\u00e1 progresivamente su cartera de minerales estrat\u00e9gicos, priorizando aquellos de alta demanda en los mercados globales y vinculados a industrias clave como energ\u00eda, tecnolog\u00eda, construcci\u00f3n e infraestructura. Esta diversificaci\u00f3n permitir\u00e1 reducir riesgos comerciales y fortalecer la competitividad de la empresa.<\/p><ol start=\"2\"><li style=\"font-weight: 400;\"><strong> Expansi\u00f3n a Mercados Internacionales<\/strong><\/li><\/ol><p style=\"font-weight: 400;\">La empresa impulsar\u00e1 su presencia en <strong>Europa, Medio Oriente y Sudam\u00e9rica<\/strong>, estableciendo redes comerciales s\u00f3lidas, representantes locales y acuerdos de distribuci\u00f3n. Esta expansi\u00f3n estar\u00e1 respaldada por estudios de mercado, cumplimiento normativo y adaptaci\u00f3n a los est\u00e1ndares t\u00e9cnicos y log\u00edsticos de cada regi\u00f3n.<\/p><ol start=\"3\"><li style=\"font-weight: 400;\"><strong> Transformaci\u00f3n Digital y Optimizaci\u00f3n Operativa<\/strong><\/li><\/ol><p style=\"font-weight: 400;\">NOM SRL incorporar\u00e1 tecnolog\u00edas digitales para:<\/p><ul style=\"font-weight: 400;\"><li>Optimizar la gesti\u00f3n comercial y el seguimiento de operaciones.<\/li><li>Mejorar la trazabilidad de los minerales desde el origen hasta el cliente final.<\/li><li>Fortalecer la planificaci\u00f3n log\u00edstica, reduciendo tiempos y costos operativos.<\/li><li>Implementar sistemas de an\u00e1lisis de datos para la toma de decisiones estrat\u00e9gicas.<\/li><\/ul><ol start=\"4\"><li style=\"font-weight: 400;\"><strong> Sostenibilidad y Responsabilidad Social Corporativa<\/strong><\/li><\/ol><p style=\"font-weight: 400;\">La empresa consolidar\u00e1 pol\u00edticas de sostenibilidad alineadas con buenas pr\u00e1cticas internacionales, promoviendo:<\/p><ul style=\"font-weight: 400;\"><li>Comercio responsable de minerales.<\/li><li>Cumplimiento ambiental y social en toda la cadena de suministro.<\/li><li>Relaciones \u00e9ticas y transparentes con productores, comunidades y clientes.<\/li><li>Contribuci\u00f3n al desarrollo econ\u00f3mico local en las zonas de operaci\u00f3n.<\/li><\/ul><ol start=\"5\"><li style=\"font-weight: 400;\"><strong> Alianzas Estrat\u00e9gicas y Seguridad de Suministro<\/strong><\/li><\/ol><p style=\"font-weight: 400;\">NOM SRL establecer\u00e1 alianzas estrat\u00e9gicas con productores mineros, refiner\u00edas y operadores log\u00edsticos, garantizando:<\/p><ul style=\"font-weight: 400;\"><li>Abastecimiento constante y confiable.<\/li><li>Est\u00e1ndares de calidad homog\u00e9neos.<\/li><li>Capacidad de respuesta ante variaciones del mercado.<\/li><li>Mayor solidez y reputaci\u00f3n comercial a largo plazo.<\/li><\/ul>\t\t\t\t\t\t\t\t<\/div>\n\t\t\t\t<div class=\"elementor-element elementor-element-11d7db1d elementor-widget-divider--view-line elementor-widget elementor-widget-divider\" data-id=\"11d7db1d\" data-element_type=\"widget\" data-widget_type=\"divider.default\">\n\t\t\t\t\t\t\t<div class=\"elementor-divider\">\n\t\t\t<span class=\"elementor-divider-separator\">\n\t\t\t\t\t\t<\/span>\n\t\t<\/div>\n\t\t\t\t\t\t<\/div>\n\t\t\t\t<div class=\"elementor-element elementor-element-c99c40c elementor-widget-divider--view-line elementor-widget elementor-widget-divider\" data-id=\"c99c40c\" data-element_type=\"widget\" data-widget_type=\"divider.default\">\n\t\t\t\t\t\t\t<div class=\"elementor-divider\">\n\t\t\t<span class=\"elementor-divider-separator\">\n\t\t\t\t\t\t<\/span>\n\t\t<\/div>\n\t\t\t\t\t\t<\/div>\n\t\t\t\t<div class=\"elementor-element elementor-element-307443c9 elementor-widget-divider--view-line elementor-widget elementor-widget-divider\" data-id=\"307443c9\" data-element_type=\"widget\" data-widget_type=\"divider.default\">\n\t\t\t\t\t\t\t<div class=\"elementor-divider\">\n\t\t\t<span class=\"elementor-divider-separator\">\n\t\t\t\t\t\t<\/span>\n\t\t<\/div>\n\t\t\t\t\t\t<\/div>\n\t\t\t\t<\/div>\n\t\t<div class=\"elementor-element elementor-element-4a67e18a e-con-full e-flex e-con e-child\" data-id=\"4a67e18a\" data-element_type=\"container\" data-settings=\"{&quot;_ha_eqh_enable&quot;:false}\">\n\t\t<div class=\"elementor-element elementor-element-ae26166 e-con-full e-flex e-con e-child\" data-id=\"ae26166\" data-element_type=\"container\" data-settings=\"{&quot;_ha_eqh_enable&quot;:false}\">\n\t\t\t\t<div class=\"elementor-element elementor-element-3148dda elementor-widget elementor-widget-heading\" data-id=\"3148dda\" data-element_type=\"widget\" data-widget_type=\"heading.default\">\n\t\t\t\t\t<h4 class=\"elementor-heading-title elementor-size-default\">nuestros Servicios<\/h4>\t\t\t\t<\/div>\n\t\t\t\t<div class=\"elementor-element elementor-element-294499f6 elementor-icon-list--layout-traditional elementor-list-item-link-full_width elementor-widget elementor-widget-icon-list\" data-id=\"294499f6\" data-element_type=\"widget\" data-widget_type=\"icon-list.default\">\n\t\t\t\t\t\t\t<ul class=\"elementor-icon-list-items\">\n\t\t\t\t\t\t\t<li class=\"elementor-icon-list-item\">\n\t\t\t\t\t\t\t\t\t\t\t<span class=\"elementor-icon-list-icon\">\n\t\t\t\t\t\t\t<i aria-hidden=\"true\" class=\"icon icon-right-arrow1\"><\/i>\t\t\t\t\t\t<\/span>\n\t\t\t\t\t\t\t\t\t\t<span class=\"elementor-icon-list-text\">Comercializaci\u00f3n de Minerales<\/span>\n\t\t\t\t\t\t\t\t\t<\/li>\n\t\t\t\t\t\t\t\t<li class=\"elementor-icon-list-item\">\n\t\t\t\t\t\t\t\t\t\t\t<a href=\"#\">\n\n\t\t\t\t\t\t\t\t\t\t\t\t<span class=\"elementor-icon-list-icon\">\n\t\t\t\t\t\t\t<i aria-hidden=\"true\" class=\"icon icon-right-arrow1\"><\/i>\t\t\t\t\t\t<\/span>\n\t\t\t\t\t\t\t\t\t\t<span class=\"elementor-icon-list-text\">Gesti\u00f3n de Abastecimiento y Contratos<\/span>\n\t\t\t\t\t\t\t\t\t\t\t<\/a>\n\t\t\t\t\t\t\t\t\t<\/li>\n\t\t\t\t\t\t\t\t<li class=\"elementor-icon-list-item\">\n\t\t\t\t\t\t\t\t\t\t\t<a href=\"#\">\n\n\t\t\t\t\t\t\t\t\t\t\t\t<span class=\"elementor-icon-list-icon\">\n\t\t\t\t\t\t\t<i aria-hidden=\"true\" class=\"icon icon-right-arrow1\"><\/i>\t\t\t\t\t\t<\/span>\n\t\t\t\t\t\t\t\t\t\t<span class=\"elementor-icon-list-text\">Log\u00edstica y Coordinaci\u00f3n Operativa<\/span>\n\t\t\t\t\t\t\t\t\t\t\t<\/a>\n\t\t\t\t\t\t\t\t\t<\/li>\n\t\t\t\t\t\t\t\t<li class=\"elementor-icon-list-item\">\n\t\t\t\t\t\t\t\t\t\t\t<a href=\"#\">\n\n\t\t\t\t\t\t\t\t\t\t\t\t<span class=\"elementor-icon-list-icon\">\n\t\t\t\t\t\t\t<i aria-hidden=\"true\" class=\"icon icon-right-arrow1\"><\/i>\t\t\t\t\t\t<\/span>\n\t\t\t\t\t\t\t\t\t\t<span class=\"elementor-icon-list-text\">Control de Calidad y Certificaci\u00f3n<\/span>\n\t\t\t\t\t\t\t\t\t\t\t<\/a>\n\t\t\t\t\t\t\t\t\t<\/li>\n\t\t\t\t\t\t\t\t<li class=\"elementor-icon-list-item\">\n\t\t\t\t\t\t\t\t\t\t\t<a href=\"#\">\n\n\t\t\t\t\t\t\t\t\t\t\t\t<span class=\"elementor-icon-list-icon\">\n\t\t\t\t\t\t\t<i aria-hidden=\"true\" class=\"icon icon-right-arrow1\"><\/i>\t\t\t\t\t\t<\/span>\n\t\t\t\t\t\t\t\t\t\t<span class=\"elementor-icon-list-text\">Asesoramiento Comercial y T\u00e9cnico<\/span>\n\t\t\t\t\t\t\t\t\t\t\t<\/a>\n\t\t\t\t\t\t\t\t\t<\/li>\n\t\t\t\t\t\t\t\t<li class=\"elementor-icon-list-item\">\n\t\t\t\t\t\t\t\t\t\t\t<a href=\"#\">\n\n\t\t\t\t\t\t\t\t\t\t\t\t<span class=\"elementor-icon-list-icon\">\n\t\t\t\t\t\t\t<i aria-hidden=\"true\" class=\"icon icon-right-arrow1\"><\/i>\t\t\t\t\t\t<\/span>\n\t\t\t\t\t\t\t\t\t\t<span class=\"elementor-icon-list-text\">Cumplimiento Normativo y Comercio Responsable<\/span>\n\t\t\t\t\t\t\t\t\t\t\t<\/a>\n\t\t\t\t\t\t\t\t\t<\/li>\n\t\t\t\t\t\t<\/ul>\n\t\t\t\t\t\t<\/div>\n\t\t\t\t<\/div>\n\t\t\t\t<\/div>\n\t\t\t\t<\/div>\n\t\t\t\t\t<\/div>\n\t\t\t\t<\/div>\n\t\t<div class=\"elementor-element elementor-element-49e6f0bd e-flex e-con-boxed e-con e-parent\" data-id=\"49e6f0bd\" data-element_type=\"container\" data-settings=\"{&quot;background_background&quot;:&quot;classic&quot;,&quot;_ha_eqh_enable&quot;:false}\">\n\t\t\t\t\t<div class=\"e-con-inner\">\n\t\t\t\t<div class=\"elementor-element elementor-element-440bcf03 elementor-widget__width-initial elementor-widget elementor-widget-heading\" data-id=\"440bcf03\" data-element_type=\"widget\" data-widget_type=\"heading.default\">\n\t\t\t\t\t<h3 class=\"elementor-heading-title elementor-size-default\">SOMOS EXPERIENCIA EN EL RUBRO DE LA COMERCIALIZACI\u00d3N DE MINERALES<\/h3>\t\t\t\t<\/div>\n\t\t\t\t<div class=\"elementor-element elementor-element-1473e9c5 elementor-align-center elementor-widget elementor-widget-button\" data-id=\"1473e9c5\" data-element_type=\"widget\" data-widget_type=\"button.default\">\n\t\t\t\t\t\t\t\t\t\t<a class=\"elementor-button elementor-button-link elementor-size-sm\" href=\"#\">\n\t\t\t\t\t\t<span class=\"elementor-button-content-wrapper\">\n\t\t\t\t\t\t\t\t\t<span class=\"elementor-button-text\">Cont\u00e1ctenos<\/span>\n\t\t\t\t\t<\/span>\n\t\t\t\t\t<\/a>\n\t\t\t\t\t\t\t\t<\/div>\n\t\t\t\t\t<\/div>\n\t\t\t\t<\/div>\n\t\t<div class=\"elementor-element elementor-element-3858032c e-flex e-con-boxed e-con e-parent\" data-id=\"3858032c\" data-element_type=\"container\" data-settings=\"{&quot;_ha_eqh_enable&quot;:false}\">\n\t\t\t\t\t<div class=\"e-con-inner\">\n\t\t\t\t<div class=\"elementor-element elementor-element-26631753 elementor-widget elementor-widget-spacer\" data-id=\"26631753\" data-element_type=\"widget\" data-widget_type=\"spacer.default\">\n\t\t\t\t\t\t\t<div class=\"elementor-spacer\">\n\t\t\t<div class=\"elementor-spacer-inner\"><\/div>\n\t\t<\/div>\n\t\t\t\t\t\t<\/div>\n\t\t\t\t\t<\/div>\n\t\t\t\t<\/div>\n\t\t\t\t<\/div>\n\t\t","protected":false},"excerpt":{"rendered":"<p>Proyecci\u00f3n Estrat\u00e9gica y Planes a Futuro Con una visi\u00f3n orientada al crecimiento sostenible, la eficiencia operativa y el posicionamiento internacional, NOM S.R.L. proyecta su desarrollo a trav\u00e9s de un plan estrat\u00e9gico integral que contempla los siguientes ejes: Con una visi\u00f3n Diversificaci\u00f3n del Portafolio de Minerales NOM SRL ampliar\u00e1 progresivamente su cartera de minerales estrat\u00e9gicos, priorizando [&hellip;]<\/p>\n","protected":false},"author":1,"featured_media":0,"parent":0,"menu_order":0,"comment_status":"closed","ping_status":"closed","template":"elementor_header_footer","meta":{"footnotes":""},"class_list":["post-525","page","type-page","status-publish","hentry"],"_links":{"self":[{"href":"https:\/\/one.com.bo\/index.php?rest_route=\/wp\/v2\/pages\/525","targetHints":{"allow":["GET"]}}],"collection":[{"href":"https:\/\/one.com.bo\/index.php?rest_route=\/wp\/v2\/pages"}],"about":[{"href":"https:\/\/one.com.bo\/index.php?rest_route=\/wp\/v2\/types\/page"}],"author":[{"embeddable":true,"href":"https:\/\/one.com.bo\/index.php?rest_route=\/wp\/v2\/users\/1"}],"replies":[{"embeddable":true,"href":"https:\/\/one.com.bo\/index.php?rest_route=%2Fwp%2Fv2%2Fcomments&post=525"}],"version-history":[{"count":4,"href":"https:\/\/one.com.bo\/index.php?rest_route=\/wp\/v2\/pages\/525\/revisions"}],"predecessor-version":[{"id":531,"href":"https:\/\/one.com.bo\/index.php?rest_route=\/wp\/v2\/pages\/525\/revisions\/531"}],"wp:attachment":[{"href":"https:\/\/one.com.bo\/index.php?rest_route=%2Fwp%2Fv2%2Fmedia&parent=525"}],"curies":[{"name":"wp","href":"https:\/\/api.w.org\/{rel}","templated":true}]}}