{"id":517,"date":"2026-01-17T20:55:43","date_gmt":"2026-01-17T20:55:43","guid":{"rendered":"https:\/\/one.com.bo\/?page_id=517"},"modified":"2026-01-19T15:20:12","modified_gmt":"2026-01-19T15:20:12","slug":"detalle-de-servicios","status":"publish","type":"page","link":"https:\/\/one.com.bo\/?page_id=517","title":{"rendered":"Detalle de Servicios"},"content":{"rendered":"\t\t<div data-elementor-type=\"wp-page\" data-elementor-id=\"517\" class=\"elementor elementor-517\" data-elementor-settings=\"{&quot;ha_cmc_init_switcher&quot;:&quot;no&quot;}\" data-elementor-post-type=\"page\">\n\t\t\t\t<div class=\"elementor-element elementor-element-68545c46 e-flex e-con-boxed e-con e-parent\" data-id=\"68545c46\" data-element_type=\"container\" data-settings=\"{&quot;background_background&quot;:&quot;classic&quot;,&quot;_ha_eqh_enable&quot;:false}\">\n\t\t\t\t\t<div class=\"e-con-inner\">\n\t\t\t\t<div class=\"elementor-element elementor-element-2f9562ca elementor-widget elementor-widget-heading\" data-id=\"2f9562ca\" data-element_type=\"widget\" data-widget_type=\"heading.default\">\n\t\t\t\t\t<h2 class=\"elementor-heading-title elementor-size-default\">NUESTROS SERVICIOS<\/h2>\t\t\t\t<\/div>\n\t\t\t\t\t<\/div>\n\t\t\t\t<\/div>\n\t\t<div class=\"elementor-element elementor-element-58ec926 e-flex e-con-boxed e-con e-parent\" data-id=\"58ec926\" data-element_type=\"container\" data-settings=\"{&quot;_ha_eqh_enable&quot;:false}\">\n\t\t\t\t\t<div class=\"e-con-inner\">\n\t\t<div class=\"elementor-element elementor-element-436d4ed8 e-con-full e-flex e-con e-child\" data-id=\"436d4ed8\" data-element_type=\"container\" data-settings=\"{&quot;_ha_eqh_enable&quot;:false}\">\n\t\t<div class=\"elementor-element elementor-element-29a92ebc e-con-full e-flex e-con e-child\" data-id=\"29a92ebc\" data-element_type=\"container\" data-settings=\"{&quot;_ha_eqh_enable&quot;:false}\">\n\t\t\t\t<div class=\"elementor-element elementor-element-212045ed elementor-widget elementor-widget-heading\" data-id=\"212045ed\" data-element_type=\"widget\" data-widget_type=\"heading.default\">\n\t\t\t\t\t<h4 class=\"elementor-heading-title elementor-size-default\">nuestros Servicios<\/h4>\t\t\t\t<\/div>\n\t\t\t\t<div class=\"elementor-element elementor-element-22c29fa4 elementor-icon-list--layout-traditional elementor-list-item-link-full_width elementor-widget elementor-widget-icon-list\" data-id=\"22c29fa4\" data-element_type=\"widget\" data-widget_type=\"icon-list.default\">\n\t\t\t\t\t\t\t<ul class=\"elementor-icon-list-items\">\n\t\t\t\t\t\t\t<li class=\"elementor-icon-list-item\">\n\t\t\t\t\t\t\t\t\t\t\t<span class=\"elementor-icon-list-icon\">\n\t\t\t\t\t\t\t<i aria-hidden=\"true\" class=\"icon icon-right-arrow1\"><\/i>\t\t\t\t\t\t<\/span>\n\t\t\t\t\t\t\t\t\t\t<span class=\"elementor-icon-list-text\">Comercializaci\u00f3n de Minerales<\/span>\n\t\t\t\t\t\t\t\t\t<\/li>\n\t\t\t\t\t\t\t\t<li class=\"elementor-icon-list-item\">\n\t\t\t\t\t\t\t\t\t\t\t<a href=\"#\">\n\n\t\t\t\t\t\t\t\t\t\t\t\t<span class=\"elementor-icon-list-icon\">\n\t\t\t\t\t\t\t<i aria-hidden=\"true\" class=\"icon icon-right-arrow1\"><\/i>\t\t\t\t\t\t<\/span>\n\t\t\t\t\t\t\t\t\t\t<span class=\"elementor-icon-list-text\">Gesti\u00f3n de Abastecimiento y Contratos<\/span>\n\t\t\t\t\t\t\t\t\t\t\t<\/a>\n\t\t\t\t\t\t\t\t\t<\/li>\n\t\t\t\t\t\t\t\t<li class=\"elementor-icon-list-item\">\n\t\t\t\t\t\t\t\t\t\t\t<a href=\"#\">\n\n\t\t\t\t\t\t\t\t\t\t\t\t<span class=\"elementor-icon-list-icon\">\n\t\t\t\t\t\t\t<i aria-hidden=\"true\" class=\"icon icon-right-arrow1\"><\/i>\t\t\t\t\t\t<\/span>\n\t\t\t\t\t\t\t\t\t\t<span class=\"elementor-icon-list-text\">Log\u00edstica y Coordinaci\u00f3n Operativa<\/span>\n\t\t\t\t\t\t\t\t\t\t\t<\/a>\n\t\t\t\t\t\t\t\t\t<\/li>\n\t\t\t\t\t\t\t\t<li class=\"elementor-icon-list-item\">\n\t\t\t\t\t\t\t\t\t\t\t<a href=\"#\">\n\n\t\t\t\t\t\t\t\t\t\t\t\t<span class=\"elementor-icon-list-icon\">\n\t\t\t\t\t\t\t<i aria-hidden=\"true\" class=\"icon icon-right-arrow1\"><\/i>\t\t\t\t\t\t<\/span>\n\t\t\t\t\t\t\t\t\t\t<span class=\"elementor-icon-list-text\">Control de Calidad y Certificaci\u00f3n<\/span>\n\t\t\t\t\t\t\t\t\t\t\t<\/a>\n\t\t\t\t\t\t\t\t\t<\/li>\n\t\t\t\t\t\t\t\t<li class=\"elementor-icon-list-item\">\n\t\t\t\t\t\t\t\t\t\t\t<a href=\"#\">\n\n\t\t\t\t\t\t\t\t\t\t\t\t<span class=\"elementor-icon-list-icon\">\n\t\t\t\t\t\t\t<i aria-hidden=\"true\" class=\"icon icon-right-arrow1\"><\/i>\t\t\t\t\t\t<\/span>\n\t\t\t\t\t\t\t\t\t\t<span class=\"elementor-icon-list-text\">Asesoramiento Comercial y T\u00e9cnico<\/span>\n\t\t\t\t\t\t\t\t\t\t\t<\/a>\n\t\t\t\t\t\t\t\t\t<\/li>\n\t\t\t\t\t\t\t\t<li class=\"elementor-icon-list-item\">\n\t\t\t\t\t\t\t\t\t\t\t<a href=\"#\">\n\n\t\t\t\t\t\t\t\t\t\t\t\t<span class=\"elementor-icon-list-icon\">\n\t\t\t\t\t\t\t<i aria-hidden=\"true\" class=\"icon icon-right-arrow1\"><\/i>\t\t\t\t\t\t<\/span>\n\t\t\t\t\t\t\t\t\t\t<span class=\"elementor-icon-list-text\">Cumplimiento Normativo y Comercio Responsable<\/span>\n\t\t\t\t\t\t\t\t\t\t\t<\/a>\n\t\t\t\t\t\t\t\t\t<\/li>\n\t\t\t\t\t\t<\/ul>\n\t\t\t\t\t\t<\/div>\n\t\t\t\t<\/div>\n\t\t\t\t<div class=\"elementor-element elementor-element-359a3ef6 elementor-widget-divider--view-line elementor-widget elementor-widget-divider\" data-id=\"359a3ef6\" data-element_type=\"widget\" data-widget_type=\"divider.default\">\n\t\t\t\t\t\t\t<div class=\"elementor-divider\">\n\t\t\t<span class=\"elementor-divider-separator\">\n\t\t\t\t\t\t<\/span>\n\t\t<\/div>\n\t\t\t\t\t\t<\/div>\n\t\t<div class=\"elementor-element elementor-element-737c8747 e-con-full e-flex e-con e-child\" data-id=\"737c8747\" data-element_type=\"container\" data-settings=\"{&quot;_ha_eqh_enable&quot;:false}\">\n\t\t<div class=\"elementor-element elementor-element-5d8d47b8 e-con-full e-flex e-con e-child\" data-id=\"5d8d47b8\" data-element_type=\"container\" data-settings=\"{&quot;_ha_eqh_enable&quot;:false}\">\n\t\t\t\t<\/div>\n\t\t<div class=\"elementor-element elementor-element-33603bb8 e-con-full e-flex e-con e-child\" data-id=\"33603bb8\" data-element_type=\"container\" data-settings=\"{&quot;_ha_eqh_enable&quot;:false}\">\n\t\t\t\t<\/div>\n\t\t\t\t<\/div>\n\t\t<div class=\"elementor-element elementor-element-2fc56df4 e-con-full e-flex e-con e-child\" data-id=\"2fc56df4\" data-element_type=\"container\" data-settings=\"{&quot;background_background&quot;:&quot;classic&quot;,&quot;_ha_eqh_enable&quot;:false}\">\n\t\t\t\t<div class=\"elementor-element elementor-element-4bdcc96f elementor-align-center elementor-widget elementor-widget-button\" data-id=\"4bdcc96f\" data-element_type=\"widget\" data-widget_type=\"button.default\">\n\t\t\t\t\t\t\t\t\t\t<a class=\"elementor-button elementor-button-link elementor-size-sm\" href=\"#\">\n\t\t\t\t\t\t<span class=\"elementor-button-content-wrapper\">\n\t\t\t\t\t\t\t\t\t<span class=\"elementor-button-text\">Cont\u00e1ctenos<\/span>\n\t\t\t\t\t<\/span>\n\t\t\t\t\t<\/a>\n\t\t\t\t\t\t\t\t<\/div>\n\t\t\t\t<\/div>\n\t\t\t\t<\/div>\n\t\t<div class=\"elementor-element elementor-element-67d88513 e-con-full e-flex e-con e-child\" data-id=\"67d88513\" data-element_type=\"container\" data-settings=\"{&quot;_ha_eqh_enable&quot;:false}\">\n\t\t<div class=\"elementor-element elementor-element-39428989 e-con-full e-flex e-con e-child\" data-id=\"39428989\" data-element_type=\"container\" data-settings=\"{&quot;_ha_eqh_enable&quot;:false}\">\n\t\t\t\t<div class=\"elementor-element elementor-element-4a0831c8 elementor-invisible elementor-widget elementor-widget-heading\" data-id=\"4a0831c8\" data-element_type=\"widget\" data-settings=\"{&quot;_animation&quot;:&quot;slideInLeft&quot;}\" data-widget_type=\"heading.default\">\n\t\t\t\t\t<h2 class=\"elementor-heading-title elementor-size-default\">servicios que brinda<\/h2>\t\t\t\t<\/div>\n\t\t\t\t<div class=\"elementor-element elementor-element-32da8da8 elementor-invisible elementor-widget elementor-widget-heading\" data-id=\"32da8da8\" data-element_type=\"widget\" data-settings=\"{&quot;_animation&quot;:&quot;slideInLeft&quot;}\" data-widget_type=\"heading.default\">\n\t\t\t\t\t<h2 class=\"elementor-heading-title elementor-size-default\">nom s.r.l.<\/h2>\t\t\t\t<\/div>\n\t\t\t\t<\/div>\n\t\t\t\t<div class=\"elementor-element elementor-element-30d715bb elementor-widget elementor-widget-text-editor\" data-id=\"30d715bb\" data-element_type=\"widget\" data-widget_type=\"text-editor.default\">\n\t\t\t\t\t\t\t\t\t<p style=\"font-weight: 400;\">NOM SRL ofrecer\u00e1 un conjunto integral de servicios especializados orientados a facilitar y optimizar el comercio de minerales a nivel nacional e internacional:<\/p>\t\t\t\t\t\t\t\t<\/div>\n\t\t\t\t<div class=\"elementor-element elementor-element-491faf2 elementor-widget elementor-widget-image\" data-id=\"491faf2\" data-element_type=\"widget\" data-widget_type=\"image.default\">\n\t\t\t\t\t\t\t\t\t\t\t\t\t\t\t<img fetchpriority=\"high\" decoding=\"async\" width=\"1600\" height=\"1067\" src=\"https:\/\/one.com.bo\/wp-content\/uploads\/2026\/01\/MQG7RAJx.jpg\" class=\"attachment-full size-full wp-image-202\" alt=\"\" srcset=\"https:\/\/one.com.bo\/wp-content\/uploads\/2026\/01\/MQG7RAJx.jpg 1600w, https:\/\/one.com.bo\/wp-content\/uploads\/2026\/01\/MQG7RAJx-300x200.jpg 300w, https:\/\/one.com.bo\/wp-content\/uploads\/2026\/01\/MQG7RAJx-1024x683.jpg 1024w, https:\/\/one.com.bo\/wp-content\/uploads\/2026\/01\/MQG7RAJx-768x512.jpg 768w, https:\/\/one.com.bo\/wp-content\/uploads\/2026\/01\/MQG7RAJx-1536x1024.jpg 1536w\" sizes=\"(max-width: 1600px) 100vw, 1600px\" \/>\t\t\t\t\t\t\t\t\t\t\t\t\t\t\t<\/div>\n\t\t<div class=\"elementor-element elementor-element-2d62130 e-con-full e-flex e-con e-child\" data-id=\"2d62130\" data-element_type=\"container\" data-settings=\"{&quot;_ha_eqh_enable&quot;:false}\">\n\t\t<div class=\"elementor-element elementor-element-3d10ebcd e-con-full e-flex e-con e-child\" data-id=\"3d10ebcd\" data-element_type=\"container\" data-settings=\"{&quot;_ha_eqh_enable&quot;:false}\">\n\t\t\t\t<div class=\"elementor-element elementor-element-689d8dd9 elementor-widget elementor-widget-text-editor\" data-id=\"689d8dd9\" data-element_type=\"widget\" data-widget_type=\"text-editor.default\">\n\t\t\t\t\t\t\t\t\t<ol><li style=\"font-weight: 400;\"><strong> Comercializaci\u00f3n de Minerales<\/strong><\/li><\/ol><ul><li>Compra, venta y exportaci\u00f3n de minerales estrat\u00e9gicos, asegurando calidad, cumplimiento contractual y adaptaci\u00f3n a los requerimientos t\u00e9cnicos de cada cliente.<\/li><\/ul><ol start=\"2\"><li style=\"font-weight: 400;\"><strong> Gesti\u00f3n de Abastecimiento y Contratos<\/strong><\/li><\/ol><ul><li>Identificaci\u00f3n y evaluaci\u00f3n de proveedores.<\/li><li>Negociaci\u00f3n de contratos de suministro a corto, mediano y largo plazo.<\/li><li>Gesti\u00f3n de vol\u00famenes, precios y condiciones comerciales.<\/li><\/ul><ol start=\"3\"><li style=\"font-weight: 400;\"><strong> Log\u00edstica y Coordinaci\u00f3n Operativa<\/strong><\/li><\/ol><ul style=\"font-weight: 400;\"><li>Coordinaci\u00f3n del transporte terrestre, mar\u00edtimo y multimodal.<\/li><li>Supervisi\u00f3n de carga, almacenamiento y despacho.<\/li><li>Optimizaci\u00f3n de tiempos y costos log\u00edsticos.<\/li><\/ul>\t\t\t\t\t\t\t\t<\/div>\n\t\t\t\t<div class=\"elementor-element elementor-element-3a39e748 elementor-invisible elementor-widget elementor-widget-image\" data-id=\"3a39e748\" data-element_type=\"widget\" data-settings=\"{&quot;_animation&quot;:&quot;slideInUp&quot;}\" data-widget_type=\"image.default\">\n\t\t\t\t\t\t\t\t\t\t\t\t\t\t\t<img decoding=\"async\" width=\"1600\" height=\"1067\" src=\"https:\/\/one.com.bo\/wp-content\/uploads\/2026\/01\/CSX5U8Gb.jpg\" class=\"attachment-full size-full wp-image-194\" alt=\"\" srcset=\"https:\/\/one.com.bo\/wp-content\/uploads\/2026\/01\/CSX5U8Gb.jpg 1600w, https:\/\/one.com.bo\/wp-content\/uploads\/2026\/01\/CSX5U8Gb-300x200.jpg 300w, https:\/\/one.com.bo\/wp-content\/uploads\/2026\/01\/CSX5U8Gb-1024x683.jpg 1024w, https:\/\/one.com.bo\/wp-content\/uploads\/2026\/01\/CSX5U8Gb-768x512.jpg 768w, https:\/\/one.com.bo\/wp-content\/uploads\/2026\/01\/CSX5U8Gb-1536x1024.jpg 1536w\" sizes=\"(max-width: 1600px) 100vw, 1600px\" \/>\t\t\t\t\t\t\t\t\t\t\t\t\t\t\t<\/div>\n\t\t\t\t<\/div>\n\t\t<div class=\"elementor-element elementor-element-2ddf2444 e-con-full e-flex e-con e-child\" data-id=\"2ddf2444\" data-element_type=\"container\" data-settings=\"{&quot;_ha_eqh_enable&quot;:false}\">\n\t\t\t\t<div class=\"elementor-element elementor-element-68734a1 elementor-widget elementor-widget-text-editor\" data-id=\"68734a1\" data-element_type=\"widget\" data-widget_type=\"text-editor.default\">\n\t\t\t\t\t\t\t\t\t<p>\u00a0<\/p><ol start=\"4\"><li style=\"font-weight: 400;\"><strong> Control de Calidad y Certificaci\u00f3n<\/strong><\/li><\/ol><ul style=\"font-weight: 400;\"><li>Coordinaci\u00f3n de an\u00e1lisis f\u00edsicos y qu\u00edmicos de los minerales.<\/li><li>Gesti\u00f3n de certificaciones requeridas por los mercados internacionales.<\/li><li>Aseguramiento del cumplimiento de especificaciones t\u00e9cnicas.<\/li><\/ul><ol start=\"5\"><li style=\"font-weight: 400;\"><strong> Asesoramiento Comercial y T\u00e9cnico<\/strong><\/li><\/ol><ul style=\"font-weight: 400;\"><li>Asistencia a clientes en la selecci\u00f3n de minerales seg\u00fan sus necesidades industriales.<\/li><li>Informaci\u00f3n de mercado, tendencias de precios y oportunidades comerciales.<\/li><li>Soporte t\u00e9cnico\u2013comercial durante todo el proceso de negociaci\u00f3n.<\/li><\/ul><ol start=\"6\"><li style=\"font-weight: 400;\"><strong> Cumplimiento Normativo y Comercio Responsable<\/strong><\/li><\/ol><ul style=\"font-weight: 400;\"><li>Gesti\u00f3n documental para exportaci\u00f3n e importaci\u00f3n.<\/li><li>Cumplimiento de normativas aduaneras, ambientales y comerciales.<\/li><li>Implementaci\u00f3n de pr\u00e1cticas de comercio \u00e9tico y trazable.<\/li><\/ul>\t\t\t\t\t\t\t\t<\/div>\n\t\t\t\t<\/div>\n\t\t\t\t<\/div>\n\t\t\t\t<\/div>\n\t\t\t\t\t<\/div>\n\t\t\t\t<\/div>\n\t\t<div class=\"elementor-element elementor-element-286326e4 e-flex e-con-boxed e-con e-parent\" data-id=\"286326e4\" data-element_type=\"container\" data-settings=\"{&quot;_ha_eqh_enable&quot;:false}\">\n\t\t\t\t\t<div class=\"e-con-inner\">\n\t\t\t\t\t<\/div>\n\t\t\t\t<\/div>\n\t\t\t\t<\/div>\n\t\t","protected":false},"excerpt":{"rendered":"<p>NUESTROS SERVICIOS nuestros Servicios Comercializaci\u00f3n de Minerales Gesti\u00f3n de Abastecimiento y Contratos Log\u00edstica y Coordinaci\u00f3n Operativa Control de Calidad y Certificaci\u00f3n Asesoramiento Comercial y T\u00e9cnico Cumplimiento Normativo y Comercio Responsable Cont\u00e1ctenos servicios que brinda nom s.r.l. NOM SRL ofrecer\u00e1 un conjunto integral de servicios especializados orientados a facilitar y optimizar el comercio de minerales a [&hellip;]<\/p>\n","protected":false},"author":1,"featured_media":0,"parent":0,"menu_order":0,"comment_status":"closed","ping_status":"closed","template":"","meta":{"footnotes":""},"class_list":["post-517","page","type-page","status-publish","hentry"],"_links":{"self":[{"href":"https:\/\/one.com.bo\/index.php?rest_route=\/wp\/v2\/pages\/517","targetHints":{"allow":["GET"]}}],"collection":[{"href":"https:\/\/one.com.bo\/index.php?rest_route=\/wp\/v2\/pages"}],"about":[{"href":"https:\/\/one.com.bo\/index.php?rest_route=\/wp\/v2\/types\/page"}],"author":[{"embeddable":true,"href":"https:\/\/one.com.bo\/index.php?rest_route=\/wp\/v2\/users\/1"}],"replies":[{"embeddable":true,"href":"https:\/\/one.com.bo\/index.php?rest_route=%2Fwp%2Fv2%2Fcomments&post=517"}],"version-history":[{"count":5,"href":"https:\/\/one.com.bo\/index.php?rest_route=\/wp\/v2\/pages\/517\/revisions"}],"predecessor-version":[{"id":732,"href":"https:\/\/one.com.bo\/index.php?rest_route=\/wp\/v2\/pages\/517\/revisions\/732"}],"wp:attachment":[{"href":"https:\/\/one.com.bo\/index.php?rest_route=%2Fwp%2Fv2%2Fmedia&parent=517"}],"curies":[{"name":"wp","href":"https:\/\/api.w.org\/{rel}","templated":true}]}}