{"id":501,"date":"2026-01-17T20:42:53","date_gmt":"2026-01-17T20:42:53","guid":{"rendered":"https:\/\/one.com.bo\/?page_id=501"},"modified":"2026-01-26T00:11:32","modified_gmt":"2026-01-26T00:11:32","slug":"nuestra-historia","status":"publish","type":"page","link":"https:\/\/one.com.bo\/?page_id=501","title":{"rendered":"Nuestra Historia"},"content":{"rendered":"\t\t<div data-elementor-type=\"wp-page\" data-elementor-id=\"501\" class=\"elementor elementor-501\" data-elementor-settings=\"{&quot;ha_cmc_init_switcher&quot;:&quot;no&quot;}\" data-elementor-post-type=\"page\">\n\t\t\t\t<div class=\"elementor-element elementor-element-555a7e23 e-flex e-con-boxed e-con e-parent\" data-id=\"555a7e23\" data-element_type=\"container\" data-settings=\"{&quot;background_background&quot;:&quot;classic&quot;,&quot;_ha_eqh_enable&quot;:false}\">\n\t\t\t\t\t<div class=\"e-con-inner\">\n\t\t\t\t<div class=\"elementor-element elementor-element-3f9161bd elementor-widget elementor-widget-heading\" data-id=\"3f9161bd\" data-element_type=\"widget\" data-widget_type=\"heading.default\">\n\t\t\t\t\t<h2 class=\"elementor-heading-title elementor-size-default\">Nuestra Historia<\/h2>\t\t\t\t<\/div>\n\t\t\t\t\t<\/div>\n\t\t\t\t<\/div>\n\t\t<div class=\"elementor-element elementor-element-24d8d965 e-flex e-con-boxed e-con e-parent\" data-id=\"24d8d965\" data-element_type=\"container\" data-settings=\"{&quot;_ha_eqh_enable&quot;:false}\">\n\t\t\t\t\t<div class=\"e-con-inner\">\n\t\t<div class=\"elementor-element elementor-element-a86c1b8 e-con-full e-flex e-con e-child\" data-id=\"a86c1b8\" data-element_type=\"container\" data-settings=\"{&quot;_ha_eqh_enable&quot;:false}\">\n\t\t\t\t<div class=\"elementor-element elementor-element-1d19a12 elementor-widget elementor-widget-text-editor\" data-id=\"1d19a12\" data-element_type=\"widget\" data-widget_type=\"text-editor.default\">\n\t\t\t\t\t\t\t\t\t<p style=\"font-weight: 400;\"><strong>NOM S.R.L.<\/strong> nace como respuesta a las crecientes demandas del mercado global de minerales estrat\u00e9gicos, iniciando formalmente sus operaciones comerciales el <strong>7 de octubre de 2024<\/strong>. Si bien somos una empresa de reciente creaci\u00f3n, nuestra solidez se sustenta en la amplia experiencia y trayectoria de nuestro equipo ejecutivo y operativo, conformado por profesionales con profundo conocimiento t\u00e9cnico, comercial y log\u00edstico en la industria minera.<\/p><p style=\"font-weight: 400;\">Desde el inicio de nuestras actividades, hemos orientado nuestros esfuerzos a la construcci\u00f3n de redes comerciales s\u00f3lidas, al desarrollo de una log\u00edstica eficiente y a la implementaci\u00f3n de estrictos controles de calidad en toda la cadena de suministro. Estos pilares nos permiten garantizar productos que cumplen con los m\u00e1s altos est\u00e1ndares internacionales y responder de manera confiable a las exigencias de nuestros clientes.<\/p><p style=\"font-weight: 400;\">La presencia de <strong>NOM SRL<\/strong> en mercados altamente competitivos y regulados como <strong>Jap\u00f3n, China y Estados Unidos<\/strong>refleja no solo la calidad de los minerales que comercializamos, sino tambi\u00e9n la confianza construida con clientes y socios estrat\u00e9gicos. Esta confianza se basa en principios de transparencia, cumplimiento riguroso de los compromisos asumidos y una conducta empresarial \u00e9tica y responsable.<\/p><p style=\"font-weight: 400;\">A lo largo de nuestra trayectoria, consolidamos una visi\u00f3n de crecimiento sostenible y de largo plazo, orientada a fortalecer nuestra posici\u00f3n en el mercado internacional, generar valor para nuestros clientes y contribuir al desarrollo responsable del sector minero.<\/p>\t\t\t\t\t\t\t\t<\/div>\n\t\t\t\t<\/div>\n\t\t\t\t\t<\/div>\n\t\t\t\t<\/div>\n\t\t<div class=\"elementor-element elementor-element-73508a13 e-flex e-con-boxed e-con e-parent\" data-id=\"73508a13\" data-element_type=\"container\" data-settings=\"{&quot;_ha_eqh_enable&quot;:false}\">\n\t\t\t\t\t<div class=\"e-con-inner\">\n\t\t<div class=\"elementor-element elementor-element-734e2104 e-con-full e-flex e-con e-child\" data-id=\"734e2104\" data-element_type=\"container\" data-settings=\"{&quot;_ha_eqh_enable&quot;:false}\">\n\t\t\t\t<div class=\"elementor-element elementor-element-eb61aa3 elementor-widget elementor-widget-text-editor\" data-id=\"eb61aa3\" data-element_type=\"widget\" data-widget_type=\"text-editor.default\">\n\t\t\t\t\t\t\t\t\t<h3>MISI\u00d3N<\/h3><p style=\"font-weight: 400;\">Nuestra misi\u00f3n es proveer minerales met\u00e1licos y productos semiacabados de alta calidad a clientes nacionales e internacionales, a trav\u00e9s de una gesti\u00f3n comercial eficiente, transparente y sostenible. Trabajamos con altos est\u00e1ndares de calidad y \u00e9tica empresarial, contribuyendo al desarrollo industrial y econ\u00f3mico de las regiones donde operamos y generando valor a largo plazo para nuestros clientes y socios estrat\u00e9gicos.<\/p>\t\t\t\t\t\t\t\t<\/div>\n\t\t\t\t<\/div>\n\t\t<div class=\"elementor-element elementor-element-1669045c e-con-full e-flex e-con e-child\" data-id=\"1669045c\" data-element_type=\"container\" data-settings=\"{&quot;_ha_eqh_enable&quot;:false}\">\n\t\t<div class=\"elementor-element elementor-element-155875f2 e-con-full e-flex e-con e-child\" data-id=\"155875f2\" data-element_type=\"container\" data-settings=\"{&quot;_ha_eqh_enable&quot;:false}\">\n\t\t\t\t<div class=\"elementor-element elementor-element-48488817 elementor-widget elementor-widget-text-editor\" data-id=\"48488817\" data-element_type=\"widget\" data-widget_type=\"text-editor.default\">\n\t\t\t\t\t\t\t\t\t<h3>VISI\u00d3N<\/h3><p style=\"font-weight: 400;\">Nuestra visi\u00f3n es consolidarnos como una empresa referente en la comercializaci\u00f3n y exportaci\u00f3n de minerales y metales en <strong>Am\u00e9rica Latina<\/strong>, reconocida por la excelencia de nuestras operaciones, la innovaci\u00f3n continua en nuestros procesos y un firme compromiso con la sostenibilidad ambiental y social.<\/p>\t\t\t\t\t\t\t\t<\/div>\n\t\t\t\t<\/div>\n\t\t\t\t<\/div>\n\t\t\t\t\t<\/div>\n\t\t\t\t<\/div>\n\t\t<div class=\"elementor-element elementor-element-75a63b93 e-flex e-con-boxed e-con e-parent\" data-id=\"75a63b93\" data-element_type=\"container\" data-settings=\"{&quot;_ha_eqh_enable&quot;:false}\">\n\t\t\t\t\t<div class=\"e-con-inner\">\n\t\t\t\t\t<\/div>\n\t\t\t\t<\/div>\n\t\t<div class=\"elementor-element elementor-element-2613de7c e-flex e-con-boxed e-con e-parent\" data-id=\"2613de7c\" data-element_type=\"container\" data-settings=\"{&quot;_ha_eqh_enable&quot;:false}\">\n\t\t\t\t\t<div class=\"e-con-inner\">\n\t\t<div class=\"elementor-element elementor-element-3b398212 e-con-full e-flex e-con e-child\" data-id=\"3b398212\" data-element_type=\"container\" data-settings=\"{&quot;background_background&quot;:&quot;classic&quot;,&quot;_ha_eqh_enable&quot;:false}\">\n\t\t\t\t<div class=\"elementor-element elementor-element-67945d8a elementor-widget elementor-widget-elementskit-video\" data-id=\"67945d8a\" data-element_type=\"widget\" data-widget_type=\"elementskit-video.default\">\n\t\t\t\t<div class=\"elementor-widget-container\">\n\t\t\t\t\t<div class=\"ekit-wid-con\" >\t\t<div class=\"video-content\" data-video-player=\"[]\" data-video-setting=\"{&quot;videoVolume&quot;:&quot;horizontal&quot;,&quot;startVolume&quot;:0.8,&quot;videoType&quot;:&quot;iframe&quot;,&quot;videoClass&quot;:&quot;mfp-fade&quot;,&quot;popupIcon&quot;:{&quot;value&quot;:&quot;icon icon-cancel&quot;,&quot;library&quot;:&quot;ekiticons&quot;},&quot;videoStyle&quot;:&quot;popup&quot;,&quot;videoTypeName&quot;:&quot;youtube&quot;,&quot;autoplay&quot;:false,&quot;muted&quot;:false,&quot;loop&quot;:false}\">\n\t\t\t\n<a class=\"ekit_icon_button glow-ripple ekit-video-popup ekit-video-popup-btn\" href=\"https:\/\/www.youtube.com\/embed\/VhBl3dHT5SY?feature=oembed?playlist=VhBl3dHT5SY&amp;mute=0&amp;autoplay=0&amp;loop=no&amp;controls=0&amp;start=0&amp;end=\" aria-label=\"video-popup\" target=\"_blank\" rel=\"noopener\">\n\t\t\t\t<i aria-hidden=\"true\" class=\"icon icon-play-button\"><\/i>\t\t\n\t\t\t<\/a>\n\t\t\t\t\t<\/div>\n\t\t<\/div>\t\t\t\t<\/div>\n\t\t\t\t<\/div>\n\t\t\t\t<\/div>\n\t\t\t\t\t<\/div>\n\t\t\t\t<\/div>\n\t\t<div class=\"elementor-element elementor-element-3067ab3e e-flex e-con-boxed e-con e-parent\" data-id=\"3067ab3e\" data-element_type=\"container\" data-settings=\"{&quot;_ha_eqh_enable&quot;:false}\">\n\t\t\t\t\t<div class=\"e-con-inner\">\n\t\t\t\t<div class=\"elementor-element elementor-element-4694ae1a elementor-widget elementor-widget-heading\" data-id=\"4694ae1a\" data-element_type=\"widget\" data-widget_type=\"heading.default\">\n\t\t\t\t\t<h3 class=\"elementor-heading-title elementor-size-default\">Nuestros Valores<\/h3>\t\t\t\t<\/div>\n\t\t\t\t\t<\/div>\n\t\t\t\t<\/div>\n\t\t<div class=\"elementor-element elementor-element-147c428a e-flex e-con-boxed e-con e-parent\" data-id=\"147c428a\" data-element_type=\"container\" data-settings=\"{&quot;_ha_eqh_enable&quot;:false}\">\n\t\t\t\t\t<div class=\"e-con-inner\">\n\t\t\t\t<div class=\"elementor-element elementor-element-180bbcb6 elementor-widget elementor-widget-text-editor\" data-id=\"180bbcb6\" data-element_type=\"widget\" data-widget_type=\"text-editor.default\">\n\t\t\t\t\t\t\t\t\t<p style=\"font-weight: 400;\">En <strong>NOM S.R.L.<\/strong>, nuestros valores gu\u00edan cada una de nuestras acciones y definen la manera en que desarrollamos nuestras operaciones en el mercado de comercializaci\u00f3n de minerales. Constituyen el fundamento de nuestra cultura corporativa y reflejan nuestro compromiso con una gesti\u00f3n responsable, eficiente y sostenible.<\/p>\t\t\t\t\t\t\t\t<\/div>\n\t\t\t\t\t<\/div>\n\t\t\t\t<\/div>\n\t\t<div class=\"elementor-element elementor-element-59f028b3 e-flex e-con-boxed e-con e-parent\" data-id=\"59f028b3\" data-element_type=\"container\" data-settings=\"{&quot;_ha_eqh_enable&quot;:false}\">\n\t\t\t\t\t<div class=\"e-con-inner\">\n\t\t<div class=\"elementor-element elementor-element-27d6c2f0 e-con-full e-flex e-con e-child\" data-id=\"27d6c2f0\" data-element_type=\"container\" data-settings=\"{&quot;_ha_eqh_enable&quot;:false}\">\n\t\t\t\t<div class=\"elementor-element elementor-element-3284ca29 elementor-widget elementor-widget-text-editor\" data-id=\"3284ca29\" data-element_type=\"widget\" data-widget_type=\"text-editor.default\">\n\t\t\t\t\t\t\t\t\t<p style=\"font-weight: 400;\"><strong>Integridad<\/strong><br \/>Actuamos con transparencia, honestidad y \u00e9tica en todas nuestras relaciones comerciales, construyendo v\u00ednculos basados en la confianza y el cumplimiento de los compromisos asumidos.<\/p><p style=\"font-weight: 400;\"><strong>Excelencia<\/strong><br \/>Trabajamos con altos est\u00e1ndares de calidad, impulsando la mejora continua de nuestros procesos para ofrecer soluciones confiables que superen las expectativas de nuestros clientes y socios estrat\u00e9gicos.<\/p><p style=\"font-weight: 400;\"><strong>Sostenibilidad<\/strong><br \/>Promovemos pr\u00e1cticas responsables que respetan el medio ambiente y generan valor social, integrando criterios de sostenibilidad en toda nuestra cadena de valor.<\/p>\t\t\t\t\t\t\t\t<\/div>\n\t\t\t\t<\/div>\n\t\t<div class=\"elementor-element elementor-element-df8135e e-con-full e-flex e-con e-child\" data-id=\"df8135e\" data-element_type=\"container\" data-settings=\"{&quot;_ha_eqh_enable&quot;:false}\">\n\t\t\t\t<div class=\"elementor-element elementor-element-4eec2866 elementor-widget elementor-widget-text-editor\" data-id=\"4eec2866\" data-element_type=\"widget\" data-widget_type=\"text-editor.default\">\n\t\t\t\t\t\t\t\t\t<p style=\"font-weight: 400;\"><strong>Compromiso<\/strong><br \/>Asumimos con responsabilidad cada proyecto y relaci\u00f3n comercial, garantizando seriedad, cumplimiento y una atenci\u00f3n orientada al largo plazo.<\/p><p style=\"font-weight: 400;\"><strong>Innovaci\u00f3n<\/strong><br \/>Incorporamos tecnolog\u00edas y metodolog\u00edas modernas que optimizan nuestra gesti\u00f3n comercial y log\u00edstica, permiti\u00e9ndonos adaptarnos a un entorno din\u00e1mico y altamente competitivo.<\/p><p style=\"font-weight: 400;\">En <strong>NOM SRL<\/strong>, estos valores nos permiten consolidar relaciones s\u00f3lidas, operar con responsabilidad y contribuir al desarrollo sostenible del sector.<\/p>\t\t\t\t\t\t\t\t<\/div>\n\t\t\t\t<\/div>\n\t\t\t\t\t<\/div>\n\t\t\t\t<\/div>\n\t\t<div class=\"elementor-element elementor-element-7fe2382c e-flex e-con-boxed e-con e-parent\" data-id=\"7fe2382c\" data-element_type=\"container\" data-settings=\"{&quot;background_background&quot;:&quot;classic&quot;,&quot;_ha_eqh_enable&quot;:false}\">\n\t\t\t\t\t<div class=\"e-con-inner\">\n\t\t\t\t<div class=\"elementor-element elementor-element-399e0be8 elementor-widget__width-initial elementor-widget elementor-widget-heading\" data-id=\"399e0be8\" data-element_type=\"widget\" data-widget_type=\"heading.default\">\n\t\t\t\t\t<h3 class=\"elementor-heading-title elementor-size-default\">generaMOS VALOR EN LOS PRODUCTOS para nuestros clientes y contribuiMOS al desarrollo responsable del sector minero<\/h3>\t\t\t\t<\/div>\n\t\t\t\t\t<\/div>\n\t\t\t\t<\/div>\n\t\t<div class=\"elementor-element elementor-element-5962f295 e-flex e-con-boxed e-con e-parent\" data-id=\"5962f295\" data-element_type=\"container\" data-settings=\"{&quot;_ha_eqh_enable&quot;:false}\">\n\t\t\t\t\t<div class=\"e-con-inner\">\n\t\t\t\t<div class=\"elementor-element elementor-element-8cadb19 elementor-widget elementor-widget-spacer\" data-id=\"8cadb19\" data-element_type=\"widget\" data-widget_type=\"spacer.default\">\n\t\t\t\t\t\t\t<div class=\"elementor-spacer\">\n\t\t\t<div class=\"elementor-spacer-inner\"><\/div>\n\t\t<\/div>\n\t\t\t\t\t\t<\/div>\n\t\t\t\t\t<\/div>\n\t\t\t\t<\/div>\n\t\t<div class=\"elementor-element elementor-element-4f084139 e-flex e-con-boxed e-con e-parent\" data-id=\"4f084139\" data-element_type=\"container\" data-settings=\"{&quot;_ha_eqh_enable&quot;:false}\">\n\t\t\t\t\t<div class=\"e-con-inner\">\n\t\t\t\t\t<\/div>\n\t\t\t\t<\/div>\n\t\t\t\t<\/div>\n\t\t","protected":false},"excerpt":{"rendered":"<p>Nuestra Historia NOM S.R.L. nace como respuesta a las crecientes demandas del mercado global de minerales estrat\u00e9gicos, iniciando formalmente sus operaciones comerciales el 7 de octubre de 2024. Si bien somos una empresa de reciente creaci\u00f3n, nuestra solidez se sustenta en la amplia experiencia y trayectoria de nuestro equipo ejecutivo y operativo, conformado por profesionales [&hellip;]<\/p>\n","protected":false},"author":1,"featured_media":0,"parent":0,"menu_order":0,"comment_status":"closed","ping_status":"closed","template":"","meta":{"footnotes":""},"class_list":["post-501","page","type-page","status-publish","hentry"],"_links":{"self":[{"href":"https:\/\/one.com.bo\/index.php?rest_route=\/wp\/v2\/pages\/501","targetHints":{"allow":["GET"]}}],"collection":[{"href":"https:\/\/one.com.bo\/index.php?rest_route=\/wp\/v2\/pages"}],"about":[{"href":"https:\/\/one.com.bo\/index.php?rest_route=\/wp\/v2\/types\/page"}],"author":[{"embeddable":true,"href":"https:\/\/one.com.bo\/index.php?rest_route=\/wp\/v2\/users\/1"}],"replies":[{"embeddable":true,"href":"https:\/\/one.com.bo\/index.php?rest_route=%2Fwp%2Fv2%2Fcomments&post=501"}],"version-history":[{"count":5,"href":"https:\/\/one.com.bo\/index.php?rest_route=\/wp\/v2\/pages\/501\/revisions"}],"predecessor-version":[{"id":791,"href":"https:\/\/one.com.bo\/index.php?rest_route=\/wp\/v2\/pages\/501\/revisions\/791"}],"wp:attachment":[{"href":"https:\/\/one.com.bo\/index.php?rest_route=%2Fwp%2Fv2%2Fmedia&parent=501"}],"curies":[{"name":"wp","href":"https:\/\/api.w.org\/{rel}","templated":true}]}}